{"id":1387,"date":"2021-02-09T10:07:14","date_gmt":"2021-02-09T10:07:14","guid":{"rendered":"http:\/\/ytengsport.com\/?page_id=1387"},"modified":"2025-12-25T11:45:54","modified_gmt":"2025-12-25T11:45:54","slug":"elefant-cartoon-badeanzug-hersteller-2","status":"publish","type":"page","link":"https:\/\/ytengsport.com\/de\/elefant-cartoon-badeanzug-hersteller-2\/","title":{"rendered":"Hersteller von Badeanz\u00fcgen mit Elefanten-Cartoon-Motiv"},"content":{"rendered":"<div data-elementor-type=\"wp-page\" data-elementor-id=\"1387\" class=\"elementor elementor-1387\" data-elementor-post-type=\"page\">\n\t\t\t\t\t\t<section class=\"elementor-section elementor-top-section elementor-element elementor-element-cc666cd elementor-section-boxed elementor-section-height-default elementor-section-height-default\" data-id=\"cc666cd\" data-element_type=\"section\" data-e-type=\"section\">\n\t\t\t\t\t\t<div class=\"elementor-container elementor-column-gap-default\">\n\t\t\t\t\t<div class=\"elementor-column elementor-col-50 elementor-top-column elementor-element elementor-element-94a0b43\" data-id=\"94a0b43\" data-element_type=\"column\" data-e-type=\"column\">\n\t\t\t<div class=\"elementor-widget-wrap elementor-element-populated\">\n\t\t\t\t\t\t<div class=\"elementor-element elementor-element-cf454a4 elementor--h-position-center elementor--v-position-middle elementor-arrows-position-inside elementor-pagination-position-inside elementor-widget elementor-widget-slides\" data-id=\"cf454a4\" data-element_type=\"widget\" data-e-type=\"widget\" data-settings=\"{&quot;navigation&quot;:&quot;both&quot;,&quot;infinite&quot;:&quot;yes&quot;,&quot;transition&quot;:&quot;slide&quot;,&quot;transition_speed&quot;:500}\" data-widget_type=\"slides.default\">\n\t\t\t\t<div class=\"elementor-widget-container\">\n\t\t\t\t\t\t\t<div class=\"elementor-swiper\">\n\t\t\t<div class=\"elementor-slides-wrapper elementor-main-swiper swiper-container\" dir=\"ltr\" data-animation=\"fadeInUp\">\n\t\t\t\t<div class=\"swiper-wrapper elementor-slides\">\n\t\t\t\t\t\t\t\t\t\t<div class=\"elementor-repeater-item-ea5ec4b swiper-slide\"><div class=\"swiper-slide-bg\" role=\"img\"><\/div><div class=\"swiper-slide-inner\" ><div class=\"swiper-slide-contents\"><\/div><\/div><\/div>\t\t\t\t<\/div>\n\t\t\t\t\t\t\t<\/div>\n\t\t<\/div>\n\t\t\t\t\t\t<\/div>\n\t\t\t\t<\/div>\n\t\t\t\t\t<\/div>\n\t\t<\/div>\n\t\t\t\t<div class=\"elementor-column elementor-col-50 elementor-top-column elementor-element elementor-element-9da88c1\" data-id=\"9da88c1\" data-element_type=\"column\" data-e-type=\"column\">\n\t\t\t<div class=\"elementor-widget-wrap elementor-element-populated\">\n\t\t\t\t\t\t<div class=\"elementor-element elementor-element-df2faed elementor-widget elementor-widget-heading\" data-id=\"df2faed\" data-element_type=\"widget\" data-e-type=\"widget\" data-widget_type=\"heading.default\">\n\t\t\t\t\t<h2 class=\"elementor-heading-title elementor-size-default\">Hersteller von Badeanz\u00fcgen mit Elefanten-Cartoon-Motiv<\/h2>\t\t\t\t<\/div>\n\t\t\t\t<div class=\"elementor-element elementor-element-4702b07 elementor-widget elementor-widget-text-editor\" data-id=\"4702b07\" data-element_type=\"widget\" data-e-type=\"widget\" data-widget_type=\"text-editor.default\">\n\t\t\t\t\t\t\t\t\t<p>1. Atmungsaktiv und leicht zu trocknen<br \/>2. Voller Elastizit\u00e4t<br \/>3. Weich und bequem<br \/>4. K\u00fchl und atmungsaktiv<br \/>5. Beglaubigung der Naht                                                                              6. Verwendung einer sauberen Nahttechnik,                                                       fest und sch\u00f6n, nicht leicht zu rei\u00dfen.<\/p>\t\t\t\t\t\t\t\t<\/div>\n\t\t\t\t<div class=\"elementor-element elementor-element-b1c66bc elementor-widget elementor-widget-text-editor\" data-id=\"b1c66bc\" data-element_type=\"widget\" data-e-type=\"widget\" data-widget_type=\"text-editor.default\">\n\t\t\t\t\t\t\t\t\t<p><b>Artikelnummer\u00a0 \u00a0 \u00a0 \u00a0 \u00a0 <\/b>GSW-569<\/p>\t\t\t\t\t\t\t\t<\/div>\n\t\t\t\t<div class=\"elementor-element elementor-element-5dbeb32 elementor-widget elementor-widget-text-editor\" data-id=\"5dbeb32\" data-element_type=\"widget\" data-e-type=\"widget\" data-widget_type=\"text-editor.default\">\n\t\t\t\t\t\t\t\t\t<p><span style=\"font-weight: bold;\">Kategorie\u00a0 <\/span>Bademode f\u00fcr M\u00e4dchen<\/p>\t\t\t\t\t\t\t\t<\/div>\n\t\t\t\t<div class=\"elementor-element elementor-element-16d39c5 elementor-shape-circle e-grid-align-left elementor-grid-0 elementor-widget elementor-widget-social-icons\" data-id=\"16d39c5\" data-element_type=\"widget\" data-e-type=\"widget\" data-widget_type=\"social-icons.default\">\n\t\t\t\t\t\t\t<div class=\"elementor-social-icons-wrapper elementor-grid\" role=\"list\">\n\t\t\t\t\t\t\t<span class=\"elementor-grid-item\" role=\"listitem\">\n\t\t\t\t\t<a class=\"elementor-icon elementor-social-icon elementor-social-icon-whatsapp elementor-repeater-item-fb44255\" href=\"\" target=\"_blank\">\n\t\t\t\t\t\t<span class=\"elementor-screen-only\">WhatsApp<\/span>\n\t\t\t\t\t\t<i aria-hidden=\"true\" class=\"fab fa-whatsapp\"><\/i>\t\t\t\t\t<\/a>\n\t\t\t\t<\/span>\n\t\t\t\t\t\t\t<span class=\"elementor-grid-item\" role=\"listitem\">\n\t\t\t\t\t<a class=\"elementor-icon elementor-social-icon elementor-social-icon-skype elementor-repeater-item-8356e6d\" href=\"\" target=\"_blank\">\n\t\t\t\t\t\t<span class=\"elementor-screen-only\">Skype<\/span>\n\t\t\t\t\t\t<i aria-hidden=\"true\" class=\"fab fa-skype\"><\/i>\t\t\t\t\t<\/a>\n\t\t\t\t<\/span>\n\t\t\t\t\t<\/div>\n\t\t\t\t\t\t<\/div>\n\t\t\t\t<div class=\"elementor-element elementor-element-81dba82 elementor-widget elementor-widget-button\" data-id=\"81dba82\" data-element_type=\"widget\" data-e-type=\"widget\" data-widget_type=\"button.default\">\n\t\t\t\t\t\t\t\t\t\t<a class=\"elementor-button elementor-button-link elementor-size-md\" href=\"http:\/\/ytengsport.com\/get-a-quote\/\" target=\"_blank\">\n\t\t\t\t\t\t<span class=\"elementor-button-content-wrapper\">\n\t\t\t\t\t\t\t\t\t<span class=\"elementor-button-text\">Angebot anfordern<\/span>\n\t\t\t\t\t<\/span>\n\t\t\t\t\t<\/a>\n\t\t\t\t\t\t\t\t<\/div>\n\t\t\t\t\t<\/div>\n\t\t<\/div>\n\t\t\t\t\t<\/div>\n\t\t<\/section>\n\t\t\t\t<section class=\"elementor-section elementor-top-section elementor-element elementor-element-9227bb6 elementor-section-boxed elementor-section-height-default elementor-section-height-default\" data-id=\"9227bb6\" data-element_type=\"section\" data-e-type=\"section\">\n\t\t\t\t\t\t<div class=\"elementor-container elementor-column-gap-default\">\n\t\t\t\t\t<div class=\"elementor-column elementor-col-100 elementor-top-column elementor-element elementor-element-9658b71\" data-id=\"9658b71\" data-element_type=\"column\" data-e-type=\"column\">\n\t\t\t<div class=\"elementor-widget-wrap elementor-element-populated\">\n\t\t\t\t\t\t<div class=\"elementor-element elementor-element-9329272 elementor-widget elementor-widget-image\" data-id=\"9329272\" data-element_type=\"widget\" data-e-type=\"widget\" data-widget_type=\"image.default\">\n\t\t\t\t\t\t\t\t\t\t\t\t\t\t\t<img fetchpriority=\"high\" decoding=\"async\" width=\"790\" height=\"827\" src=\"https:\/\/ytengsport.com\/wp-content\/uploads\/2021\/02\/list_02.jpg\" class=\"attachment-large size-large wp-image-809\" alt=\"Bademodenhersteller Dimension\" srcset=\"https:\/\/ytengsport.com\/wp-content\/uploads\/2021\/02\/list_02.jpg 790w, https:\/\/ytengsport.com\/wp-content\/uploads\/2021\/02\/list_02-287x300.jpg 287w, https:\/\/ytengsport.com\/wp-content\/uploads\/2021\/02\/list_02-768x804.jpg 768w, https:\/\/ytengsport.com\/wp-content\/uploads\/2021\/02\/list_02-600x628.jpg 600w\" sizes=\"(max-width: 790px) 100vw, 790px\" \/>\t\t\t\t\t\t\t\t\t\t\t\t\t\t\t<\/div>\n\t\t\t\t<div class=\"elementor-element elementor-element-3683673 elementor-widget-divider--view-line elementor-widget elementor-widget-divider\" data-id=\"3683673\" data-element_type=\"widget\" data-e-type=\"widget\" data-widget_type=\"divider.default\">\n\t\t\t\t\t\t\t<div class=\"elementor-divider\">\n\t\t\t<span class=\"elementor-divider-separator\">\n\t\t\t\t\t\t<\/span>\n\t\t<\/div>\n\t\t\t\t\t\t<\/div>\n\t\t\t\t<div class=\"elementor-element elementor-element-c3d0bbf elementor-widget elementor-widget-heading\" data-id=\"c3d0bbf\" data-element_type=\"widget\" data-e-type=\"widget\" data-widget_type=\"heading.default\">\n\t\t\t\t\t<h2 class=\"elementor-heading-title elementor-size-default\">Verwandtes Produkt<\/h2>\t\t\t\t<\/div>\n\t\t\t\t\t<\/div>\n\t\t<\/div>\n\t\t\t\t\t<\/div>\n\t\t<\/section>\n\t\t\t\t<section class=\"elementor-section elementor-top-section elementor-element elementor-element-1344c38 elementor-section-boxed elementor-section-height-default elementor-section-height-default\" data-id=\"1344c38\" data-element_type=\"section\" data-e-type=\"section\">\n\t\t\t\t\t\t<div class=\"elementor-container elementor-column-gap-default\">\n\t\t\t\t\t<div class=\"elementor-column elementor-col-25 elementor-top-column elementor-element elementor-element-cfa6c7e\" data-id=\"cfa6c7e\" data-element_type=\"column\" data-e-type=\"column\">\n\t\t\t<div class=\"elementor-widget-wrap elementor-element-populated\">\n\t\t\t\t\t\t<div class=\"elementor-element elementor-element-88d07f2 elementor-widget elementor-widget-image\" data-id=\"88d07f2\" data-element_type=\"widget\" data-e-type=\"widget\" data-widget_type=\"image.default\">\n\t\t\t\t\t\t\t\t\t\t\t\t\t\t\t<img alt=\"\" decoding=\"async\" width=\"1000\" height=\"1000\" src=\"https:\/\/ytengsport.com\/wp-content\/uploads\/2021\/02\/Printed-swimsuit-manufacturers.jpg\" class=\"attachment-large size-large wp-image-969\" srcset=\"https:\/\/ytengsport.com\/wp-content\/uploads\/2021\/02\/Printed-swimsuit-manufacturers.jpg 1000w, https:\/\/ytengsport.com\/wp-content\/uploads\/2021\/02\/Printed-swimsuit-manufacturers-300x300.jpg 300w, https:\/\/ytengsport.com\/wp-content\/uploads\/2021\/02\/Printed-swimsuit-manufacturers-150x150.jpg 150w, https:\/\/ytengsport.com\/wp-content\/uploads\/2021\/02\/Printed-swimsuit-manufacturers-768x768.jpg 768w, https:\/\/ytengsport.com\/wp-content\/uploads\/2021\/02\/Printed-swimsuit-manufacturers-600x600.jpg 600w, https:\/\/ytengsport.com\/wp-content\/uploads\/2021\/02\/Printed-swimsuit-manufacturers-100x100.jpg 100w\" sizes=\"(max-width: 1000px) 100vw, 1000px\" \/>\t\t\t\t\t\t\t\t\t\t\t\t\t\t\t<\/div>\n\t\t\t\t<div class=\"elementor-element elementor-element-8e5a2be elementor-widget elementor-widget-text-editor\" data-id=\"8e5a2be\" data-element_type=\"widget\" data-e-type=\"widget\" data-widget_type=\"text-editor.default\">\n\t\t\t\t\t\t\t\t\t<p>Hersteller von bedruckten Badeanz\u00fcgen<\/p>\t\t\t\t\t\t\t\t<\/div>\n\t\t\t\t\t<\/div>\n\t\t<\/div>\n\t\t\t\t<div class=\"elementor-column elementor-col-25 elementor-top-column elementor-element elementor-element-d67f661\" data-id=\"d67f661\" data-element_type=\"column\" data-e-type=\"column\">\n\t\t\t<div class=\"elementor-widget-wrap elementor-element-populated\">\n\t\t\t\t\t\t<div class=\"elementor-element elementor-element-b5cd23c elementor-widget elementor-widget-image\" data-id=\"b5cd23c\" data-element_type=\"widget\" data-e-type=\"widget\" data-widget_type=\"image.default\">\n\t\t\t\t\t\t\t\t\t\t\t\t\t\t\t<img decoding=\"async\" width=\"1000\" height=\"1000\" src=\"https:\/\/ytengsport.com\/wp-content\/uploads\/2021\/02\/Printed-suspender-swimsuit-manufacturer-in-China.jpg\" class=\"attachment-large size-large wp-image-952\" alt=\"Hersteller von bedruckten Badeanz\u00fcgen mit Hosentr\u00e4gern in China\" srcset=\"https:\/\/ytengsport.com\/wp-content\/uploads\/2021\/02\/Printed-suspender-swimsuit-manufacturer-in-China.jpg 1000w, https:\/\/ytengsport.com\/wp-content\/uploads\/2021\/02\/Printed-suspender-swimsuit-manufacturer-in-China-300x300.jpg 300w, https:\/\/ytengsport.com\/wp-content\/uploads\/2021\/02\/Printed-suspender-swimsuit-manufacturer-in-China-150x150.jpg 150w, https:\/\/ytengsport.com\/wp-content\/uploads\/2021\/02\/Printed-suspender-swimsuit-manufacturer-in-China-768x768.jpg 768w, https:\/\/ytengsport.com\/wp-content\/uploads\/2021\/02\/Printed-suspender-swimsuit-manufacturer-in-China-600x600.jpg 600w, https:\/\/ytengsport.com\/wp-content\/uploads\/2021\/02\/Printed-suspender-swimsuit-manufacturer-in-China-100x100.jpg 100w\" sizes=\"(max-width: 1000px) 100vw, 1000px\" \/>\t\t\t\t\t\t\t\t\t\t\t\t\t\t\t<\/div>\n\t\t\t\t<div class=\"elementor-element elementor-element-e43bacc elementor-widget elementor-widget-text-editor\" data-id=\"e43bacc\" data-element_type=\"widget\" data-e-type=\"widget\" data-widget_type=\"text-editor.default\">\n\t\t\t\t\t\t\t\t\t<p>Hersteller von bedruckten Badeanz\u00fcgen mit Hosentr\u00e4gern in China<\/p>\t\t\t\t\t\t\t\t<\/div>\n\t\t\t\t\t<\/div>\n\t\t<\/div>\n\t\t\t\t<div class=\"elementor-column elementor-col-25 elementor-top-column elementor-element elementor-element-e9135f4\" data-id=\"e9135f4\" data-element_type=\"column\" data-e-type=\"column\">\n\t\t\t<div class=\"elementor-widget-wrap elementor-element-populated\">\n\t\t\t\t\t\t<div class=\"elementor-element elementor-element-5185c55 elementor-widget elementor-widget-image\" data-id=\"5185c55\" data-element_type=\"widget\" data-e-type=\"widget\" data-widget_type=\"image.default\">\n\t\t\t\t\t\t\t\t\t\t\t\t\t\t\t<img alt=\"\" loading=\"lazy\" decoding=\"async\" width=\"1000\" height=\"1000\" src=\"https:\/\/ytengsport.com\/wp-content\/uploads\/2021\/02\/New-one-piece-swimsuit-manufacturers.jpg\" class=\"attachment-large size-large wp-image-943\" srcset=\"https:\/\/ytengsport.com\/wp-content\/uploads\/2021\/02\/New-one-piece-swimsuit-manufacturers.jpg 1000w, https:\/\/ytengsport.com\/wp-content\/uploads\/2021\/02\/New-one-piece-swimsuit-manufacturers-300x300.jpg 300w, https:\/\/ytengsport.com\/wp-content\/uploads\/2021\/02\/New-one-piece-swimsuit-manufacturers-150x150.jpg 150w, https:\/\/ytengsport.com\/wp-content\/uploads\/2021\/02\/New-one-piece-swimsuit-manufacturers-768x768.jpg 768w, https:\/\/ytengsport.com\/wp-content\/uploads\/2021\/02\/New-one-piece-swimsuit-manufacturers-600x600.jpg 600w, https:\/\/ytengsport.com\/wp-content\/uploads\/2021\/02\/New-one-piece-swimsuit-manufacturers-100x100.jpg 100w\" sizes=\"(max-width: 1000px) 100vw, 1000px\" \/>\t\t\t\t\t\t\t\t\t\t\t\t\t\t\t<\/div>\n\t\t\t\t<div class=\"elementor-element elementor-element-06d2957 elementor-widget elementor-widget-text-editor\" data-id=\"06d2957\" data-element_type=\"widget\" data-e-type=\"widget\" data-widget_type=\"text-editor.default\">\n\t\t\t\t\t\t\t\t\t<p>Neue Hersteller von einteiligen Badeanz\u00fcgen<\/p>\t\t\t\t\t\t\t\t<\/div>\n\t\t\t\t\t<\/div>\n\t\t<\/div>\n\t\t\t\t<div class=\"elementor-column elementor-col-25 elementor-top-column elementor-element elementor-element-f1b6cbc\" data-id=\"f1b6cbc\" data-element_type=\"column\" data-e-type=\"column\">\n\t\t\t<div class=\"elementor-widget-wrap elementor-element-populated\">\n\t\t\t\t\t\t<div class=\"elementor-element elementor-element-a558acd elementor-widget elementor-widget-image\" data-id=\"a558acd\" data-element_type=\"widget\" data-e-type=\"widget\" data-widget_type=\"image.default\">\n\t\t\t\t\t\t\t\t\t\t\t\t\t\t\t<img loading=\"lazy\" decoding=\"async\" width=\"1000\" height=\"1000\" src=\"https:\/\/ytengsport.com\/wp-content\/uploads\/2021\/02\/Womens-large-one-piece-swimsuit-manufacturers-China.jpg\" class=\"attachment-large size-large wp-image-924\" alt=\"Women&#039;s large one piece swimsuit Hersteller China\" srcset=\"https:\/\/ytengsport.com\/wp-content\/uploads\/2021\/02\/Womens-large-one-piece-swimsuit-manufacturers-China.jpg 1000w, https:\/\/ytengsport.com\/wp-content\/uploads\/2021\/02\/Womens-large-one-piece-swimsuit-manufacturers-China-300x300.jpg 300w, https:\/\/ytengsport.com\/wp-content\/uploads\/2021\/02\/Womens-large-one-piece-swimsuit-manufacturers-China-150x150.jpg 150w, https:\/\/ytengsport.com\/wp-content\/uploads\/2021\/02\/Womens-large-one-piece-swimsuit-manufacturers-China-768x768.jpg 768w, https:\/\/ytengsport.com\/wp-content\/uploads\/2021\/02\/Womens-large-one-piece-swimsuit-manufacturers-China-600x600.jpg 600w, https:\/\/ytengsport.com\/wp-content\/uploads\/2021\/02\/Womens-large-one-piece-swimsuit-manufacturers-China-100x100.jpg 100w\" sizes=\"(max-width: 1000px) 100vw, 1000px\" \/>\t\t\t\t\t\t\t\t\t\t\t\t\t\t\t<\/div>\n\t\t\t\t<div class=\"elementor-element elementor-element-6ac8531 elementor-widget elementor-widget-text-editor\" data-id=\"6ac8531\" data-element_type=\"widget\" data-e-type=\"widget\" data-widget_type=\"text-editor.default\">\n\t\t\t\t\t\t\t\t\t<p>Hersteller von gro\u00dfen Einteiler-Badeanz\u00fcgen f\u00fcr Frauen in China<\/p>\t\t\t\t\t\t\t\t<\/div>\n\t\t\t\t\t<\/div>\n\t\t<\/div>\n\t\t\t\t\t<\/div>\n\t\t<\/section>\n\t\t\t\t<\/div>","protected":false},"excerpt":{"rendered":"<p>Elephant cartoon swimsuit manufacturer 1.Breathable and easy to dry2.Full of elasticity3.Soft and comfortable4.Cool and breathable5.Sew line notarization\u00a0 \u00a0 \u00a0 \u00a0 \u00a0 \u00a0 \u00a0 \u00a0 \u00a0 \u00a0 \u00a0 \u00a0 \u00a0 \u00a0 \u00a0 \u00a0 \u00a0 \u00a0 \u00a0 \u00a0 \u00a0 \u00a0 \u00a0 \u00a0 \u00a0 \u00a0 \u00a0 \u00a0 \u00a0 \u00a0 \u00a0 \u00a0 \u00a0 \u00a0 \u00a0 \u00a0 \u00a0 \u00a0 \u00a0 [&hellip;]","protected":false},"author":1,"featured_media":0,"parent":0,"menu_order":0,"comment_status":"closed","ping_status":"closed","template":"","meta":{"_seopress_robots_primary_cat":"","_seopress_titles_title":"","_seopress_titles_desc":"","_seopress_robots_index":"","footnotes":""},"class_list":["post-1387","page","type-page","status-publish","hentry"],"_links":{"self":[{"href":"https:\/\/ytengsport.com\/de\/wp-json\/wp\/v2\/pages\/1387","targetHints":{"allow":["GET"]}}],"collection":[{"href":"https:\/\/ytengsport.com\/de\/wp-json\/wp\/v2\/pages"}],"about":[{"href":"https:\/\/ytengsport.com\/de\/wp-json\/wp\/v2\/types\/page"}],"author":[{"embeddable":true,"href":"https:\/\/ytengsport.com\/de\/wp-json\/wp\/v2\/users\/1"}],"replies":[{"embeddable":true,"href":"https:\/\/ytengsport.com\/de\/wp-json\/wp\/v2\/comments?post=1387"}],"version-history":[{"count":8,"href":"https:\/\/ytengsport.com\/de\/wp-json\/wp\/v2\/pages\/1387\/revisions"}],"predecessor-version":[{"id":3164,"href":"https:\/\/ytengsport.com\/de\/wp-json\/wp\/v2\/pages\/1387\/revisions\/3164"}],"wp:attachment":[{"href":"https:\/\/ytengsport.com\/de\/wp-json\/wp\/v2\/media?parent=1387"}],"curies":[{"name":"wp","href":"https:\/\/api.w.org\/{rel}","templated":true}]}}