{"id":1191,"date":"2021-02-09T08:16:41","date_gmt":"2021-02-09T08:16:41","guid":{"rendered":"http:\/\/ytengsport.com\/?page_id=1191"},"modified":"2025-12-25T12:54:57","modified_gmt":"2025-12-25T12:54:57","slug":"patron-bikini-fabricante-2","status":"publish","type":"page","link":"https:\/\/ytengsport.com\/es\/patron-bikini-fabricante-2\/","title":{"rendered":"Pattern bikini Manufacturer"},"content":{"rendered":"<div data-elementor-type=\"wp-page\" data-elementor-id=\"1191\" class=\"elementor elementor-1191\" data-elementor-post-type=\"page\">\n\t\t\t\t<div class=\"elementor-element elementor-element-b40e349 e-flex e-con-boxed e-con e-parent\" data-id=\"b40e349\" data-element_type=\"container\" data-e-type=\"container\">\n\t\t\t\t\t<div class=\"e-con-inner\">\n\t\t<div class=\"elementor-element elementor-element-1995b85 e-con-full e-flex e-con e-child\" data-id=\"1995b85\" data-element_type=\"container\" data-e-type=\"container\">\n\t\t<div class=\"elementor-element elementor-element-1e4dd96 e-con-full e-flex e-con e-child\" data-id=\"1e4dd96\" data-element_type=\"container\" data-e-type=\"container\">\n\t\t<div class=\"elementor-element elementor-element-42a3408 e-con-full e-flex e-con e-child\" data-id=\"42a3408\" data-element_type=\"container\" data-e-type=\"container\">\n\t\t\t\t<div class=\"elementor-element elementor-element-5f6a1c0 elementor-widget elementor-widget-image\" data-id=\"5f6a1c0\" data-element_type=\"widget\" data-e-type=\"widget\" data-widget_type=\"image.default\">\n\t\t\t\t\t\t\t\t\t\t\t\t\t\t\t<img decoding=\"async\" src=\"https:\/\/ytengsport.com\/wp-content\/uploads\/2021\/02\/Pattern-bikini-Manufacturer-China.jpg\" title=\"\" alt=\"\" loading=\"lazy\" \/>\t\t\t\t\t\t\t\t\t\t\t\t\t\t\t<\/div>\n\t\t\t\t<\/div>\n\t\t\t\t<\/div>\n\t\t<div class=\"elementor-element elementor-element-db7a078 e-con-full e-flex e-con e-child\" data-id=\"db7a078\" data-element_type=\"container\" data-e-type=\"container\">\n\t\t<div class=\"elementor-element elementor-element-8a190a1 e-con-full e-flex e-con e-child\" data-id=\"8a190a1\" data-element_type=\"container\" data-e-type=\"container\">\n\t\t\t\t<div class=\"elementor-element elementor-element-1039028 elementor-widget elementor-widget-image\" data-id=\"1039028\" data-element_type=\"widget\" data-e-type=\"widget\" data-widget_type=\"image.default\">\n\t\t\t\t\t\t\t\t\t\t\t\t\t\t\t<img decoding=\"async\" src=\"https:\/\/ytengsport.com\/wp-content\/uploads\/2021\/02\/Pattern-bikini-Manufacturers.jpg\" title=\"\" alt=\"\" loading=\"lazy\" \/>\t\t\t\t\t\t\t\t\t\t\t\t\t\t\t<\/div>\n\t\t\t\t<\/div>\n\t\t<div class=\"elementor-element elementor-element-322e735 e-con-full e-flex e-con e-child\" data-id=\"322e735\" data-element_type=\"container\" data-e-type=\"container\">\n\t\t\t\t<div class=\"elementor-element elementor-element-62848a8 elementor-widget elementor-widget-image\" data-id=\"62848a8\" data-element_type=\"widget\" data-e-type=\"widget\" data-widget_type=\"image.default\">\n\t\t\t\t\t\t\t\t\t\t\t\t\t\t\t<img decoding=\"async\" src=\"https:\/\/ytengsport.com\/wp-content\/uploads\/2021\/02\/Pattern-bikini-Manufacturer.jpg\" title=\"\" alt=\"\" loading=\"lazy\" \/>\t\t\t\t\t\t\t\t\t\t\t\t\t\t\t<\/div>\n\t\t\t\t<\/div>\n\t\t\t\t<\/div>\n\t\t\t\t<\/div>\n\t\t<div class=\"elementor-element elementor-element-045728d e-con-full e-flex e-con e-child\" data-id=\"045728d\" data-element_type=\"container\" data-e-type=\"container\">\n\t\t\t\t<div class=\"elementor-element elementor-element-fda7a8c elementor-widget elementor-widget-heading\" data-id=\"fda7a8c\" data-element_type=\"widget\" data-e-type=\"widget\" data-widget_type=\"heading.default\">\n\t\t\t\t\t<h2 class=\"elementor-heading-title elementor-size-default\">Patr\u00f3n fabricante de ba\u00f1adores<\/h2>\t\t\t\t<\/div>\n\t\t\t\t<div class=\"elementor-element elementor-element-7f18870 elementor-widget elementor-widget-text-editor\" data-id=\"7f18870\" data-element_type=\"widget\" data-e-type=\"widget\" data-widget_type=\"text-editor.default\">\n\t\t\t\t\t\t\t\t\t<p>1. Transpirable y f\u00e1cil de secar.<br \/>2. Lleno de elasticidad<br \/>3. Suave y c\u00f3modo<br \/>4. Fresco y transpirable.<br \/>5. Certificaci\u00f3n de la l\u00ednea de costura                                                                              6. Uso de tecnolog\u00eda de costura limpia,                                                       firme y bonita, que no se rompe f\u00e1cilmente.<\/p>\t\t\t\t\t\t\t\t<\/div>\n\t\t\t\t<div class=\"elementor-element elementor-element-af18625 elementor-widget elementor-widget-text-editor\" data-id=\"af18625\" data-element_type=\"widget\" data-e-type=\"widget\" data-widget_type=\"text-editor.default\">\n\t\t\t\t\t\t\t\t\t<p><b>SKU\u00a0 \u00a0 \u00a0 \u00a0 \u00a0 \u00a0<\/b><b> <\/b>Bik-615<\/p>\t\t\t\t\t\t\t\t<\/div>\n\t\t\t\t<div class=\"elementor-element elementor-element-6e82697 elementor-widget elementor-widget-text-editor\" data-id=\"6e82697\" data-element_type=\"widget\" data-e-type=\"widget\" data-widget_type=\"text-editor.default\">\n\t\t\t\t\t\t\t\t\t<p><span style=\"font-weight: bold;\">\u00a0<\/span><\/p><p><span style=\"font-weight: bold;\">Categor\u00eda\u00a0 \u00a0<\/span>\u00a0Bikini<\/p>\t\t\t\t\t\t\t\t<\/div>\n\t\t\t\t<div class=\"elementor-element elementor-element-dfc2f23 elementor-shape-circle e-grid-align-left elementor-grid-0 elementor-widget elementor-widget-social-icons\" data-id=\"dfc2f23\" data-element_type=\"widget\" data-e-type=\"widget\" data-widget_type=\"social-icons.default\">\n\t\t\t\t\t\t\t<div class=\"elementor-social-icons-wrapper elementor-grid\" role=\"list\">\n\t\t\t\t\t\t\t<span class=\"elementor-grid-item\" role=\"listitem\">\n\t\t\t\t\t<a class=\"elementor-icon elementor-social-icon elementor-social-icon-whatsapp elementor-repeater-item-fb44255\" href=\"\" target=\"_blank\">\n\t\t\t\t\t\t<span class=\"elementor-screen-only\">Whatsapp<\/span>\n\t\t\t\t\t\t<i aria-hidden=\"true\" class=\"fab fa-whatsapp\"><\/i>\t\t\t\t\t<\/a>\n\t\t\t\t<\/span>\n\t\t\t\t\t\t\t<span class=\"elementor-grid-item\" role=\"listitem\">\n\t\t\t\t\t<a class=\"elementor-icon elementor-social-icon elementor-social-icon-skype elementor-repeater-item-8356e6d\" href=\"\" target=\"_blank\">\n\t\t\t\t\t\t<span class=\"elementor-screen-only\">Skype<\/span>\n\t\t\t\t\t\t<i aria-hidden=\"true\" class=\"fab fa-skype\"><\/i>\t\t\t\t\t<\/a>\n\t\t\t\t<\/span>\n\t\t\t\t\t<\/div>\n\t\t\t\t\t\t<\/div>\n\t\t\t\t<div class=\"elementor-element elementor-element-5b1695d elementor-widget elementor-widget-button\" data-id=\"5b1695d\" data-element_type=\"widget\" data-e-type=\"widget\" data-widget_type=\"button.default\">\n\t\t\t\t\t\t\t\t\t\t<a class=\"elementor-button elementor-button-link elementor-size-md\" href=\"http:\/\/ytengsport.com\/get-a-quote\/\" target=\"_blank\">\n\t\t\t\t\t\t<span class=\"elementor-button-content-wrapper\">\n\t\t\t\t\t\t\t\t\t<span class=\"elementor-button-text\">Obtenga un presupuesto<\/span>\n\t\t\t\t\t<\/span>\n\t\t\t\t\t<\/a>\n\t\t\t\t\t\t\t\t<\/div>\n\t\t\t\t<\/div>\n\t\t\t\t\t<\/div>\n\t\t\t\t<\/div>\n\t\t\t\t<section class=\"elementor-section elementor-top-section elementor-element elementor-element-9227bb6 elementor-section-boxed elementor-section-height-default elementor-section-height-default\" data-id=\"9227bb6\" data-element_type=\"section\" data-e-type=\"section\">\n\t\t\t\t\t\t<div class=\"elementor-container elementor-column-gap-default\">\n\t\t\t\t\t<div class=\"elementor-column elementor-col-100 elementor-top-column elementor-element elementor-element-9658b71\" data-id=\"9658b71\" data-element_type=\"column\" data-e-type=\"column\">\n\t\t\t<div class=\"elementor-widget-wrap elementor-element-populated\">\n\t\t\t\t\t\t<div class=\"elementor-element elementor-element-9329272 elementor-widget elementor-widget-image\" data-id=\"9329272\" data-element_type=\"widget\" data-e-type=\"widget\" data-widget_type=\"image.default\">\n\t\t\t\t\t\t\t\t\t\t\t\t\t\t\t<img fetchpriority=\"high\" decoding=\"async\" width=\"1020\" height=\"294\" src=\"https:\/\/ytengsport.com\/wp-content\/uploads\/2021\/02\/swimwear-manufacturer-dimension-1024x295.png\" class=\"attachment-large size-large wp-image-896\" alt=\"dimensi\u00f3n del fabricante de trajes de ba\u00f1o\" srcset=\"https:\/\/ytengsport.com\/wp-content\/uploads\/2021\/02\/swimwear-manufacturer-dimension-1024x295.png 1024w, https:\/\/ytengsport.com\/wp-content\/uploads\/2021\/02\/swimwear-manufacturer-dimension-300x86.png 300w, https:\/\/ytengsport.com\/wp-content\/uploads\/2021\/02\/swimwear-manufacturer-dimension-768x221.png 768w, https:\/\/ytengsport.com\/wp-content\/uploads\/2021\/02\/swimwear-manufacturer-dimension-600x173.png 600w, https:\/\/ytengsport.com\/wp-content\/uploads\/2021\/02\/swimwear-manufacturer-dimension.png 1271w\" sizes=\"(max-width: 1020px) 100vw, 1020px\" \/>\t\t\t\t\t\t\t\t\t\t\t\t\t\t\t<\/div>\n\t\t\t\t<div class=\"elementor-element elementor-element-3683673 elementor-widget-divider--view-line elementor-widget elementor-widget-divider\" data-id=\"3683673\" data-element_type=\"widget\" data-e-type=\"widget\" data-widget_type=\"divider.default\">\n\t\t\t\t\t\t\t<div class=\"elementor-divider\">\n\t\t\t<span class=\"elementor-divider-separator\">\n\t\t\t\t\t\t<\/span>\n\t\t<\/div>\n\t\t\t\t\t\t<\/div>\n\t\t\t\t<div class=\"elementor-element elementor-element-c3d0bbf elementor-widget elementor-widget-heading\" data-id=\"c3d0bbf\" data-element_type=\"widget\" data-e-type=\"widget\" data-widget_type=\"heading.default\">\n\t\t\t\t\t<h2 class=\"elementor-heading-title elementor-size-default\">Productos relacionados<\/h2>\t\t\t\t<\/div>\n\t\t\t\t\t<\/div>\n\t\t<\/div>\n\t\t\t\t\t<\/div>\n\t\t<\/section>\n\t\t\t\t<section class=\"elementor-section elementor-top-section elementor-element elementor-element-1344c38 elementor-section-boxed elementor-section-height-default elementor-section-height-default\" data-id=\"1344c38\" data-element_type=\"section\" data-e-type=\"section\">\n\t\t\t\t\t\t<div class=\"elementor-container elementor-column-gap-default\">\n\t\t\t\t\t<div class=\"elementor-column elementor-col-25 elementor-top-column elementor-element elementor-element-cfa6c7e\" data-id=\"cfa6c7e\" data-element_type=\"column\" data-e-type=\"column\">\n\t\t\t<div class=\"elementor-widget-wrap elementor-element-populated\">\n\t\t\t\t\t\t<div class=\"elementor-element elementor-element-88d07f2 elementor-widget elementor-widget-image\" data-id=\"88d07f2\" data-element_type=\"widget\" data-e-type=\"widget\" data-widget_type=\"image.default\">\n\t\t\t\t\t\t\t\t\t\t\t\t\t\t\t<img alt=\"\" decoding=\"async\" width=\"1000\" height=\"1000\" src=\"https:\/\/ytengsport.com\/wp-content\/uploads\/2021\/02\/Printed-swimsuit-manufacturers.jpg\" class=\"attachment-large size-large wp-image-969\" srcset=\"https:\/\/ytengsport.com\/wp-content\/uploads\/2021\/02\/Printed-swimsuit-manufacturers.jpg 1000w, https:\/\/ytengsport.com\/wp-content\/uploads\/2021\/02\/Printed-swimsuit-manufacturers-300x300.jpg 300w, https:\/\/ytengsport.com\/wp-content\/uploads\/2021\/02\/Printed-swimsuit-manufacturers-150x150.jpg 150w, https:\/\/ytengsport.com\/wp-content\/uploads\/2021\/02\/Printed-swimsuit-manufacturers-768x768.jpg 768w, https:\/\/ytengsport.com\/wp-content\/uploads\/2021\/02\/Printed-swimsuit-manufacturers-600x600.jpg 600w, https:\/\/ytengsport.com\/wp-content\/uploads\/2021\/02\/Printed-swimsuit-manufacturers-100x100.jpg 100w\" sizes=\"(max-width: 1000px) 100vw, 1000px\" \/>\t\t\t\t\t\t\t\t\t\t\t\t\t\t\t<\/div>\n\t\t\t\t<div class=\"elementor-element elementor-element-8e5a2be elementor-widget elementor-widget-text-editor\" data-id=\"8e5a2be\" data-element_type=\"widget\" data-e-type=\"widget\" data-widget_type=\"text-editor.default\">\n\t\t\t\t\t\t\t\t\t<p>Fabricantes de trajes de ba\u00f1o estampados<\/p>\t\t\t\t\t\t\t\t<\/div>\n\t\t\t\t\t<\/div>\n\t\t<\/div>\n\t\t\t\t<div class=\"elementor-column elementor-col-25 elementor-top-column elementor-element elementor-element-d67f661\" data-id=\"d67f661\" data-element_type=\"column\" data-e-type=\"column\">\n\t\t\t<div class=\"elementor-widget-wrap elementor-element-populated\">\n\t\t\t\t\t\t<div class=\"elementor-element elementor-element-b5cd23c elementor-widget elementor-widget-image\" data-id=\"b5cd23c\" data-element_type=\"widget\" data-e-type=\"widget\" data-widget_type=\"image.default\">\n\t\t\t\t\t\t\t\t\t\t\t\t\t\t\t<img decoding=\"async\" width=\"1000\" height=\"1000\" src=\"https:\/\/ytengsport.com\/wp-content\/uploads\/2021\/02\/Printed-suspender-swimsuit-manufacturer-in-China.jpg\" class=\"attachment-large size-large wp-image-952\" alt=\"Fabricante de ba\u00f1adores con tirantes estampados en China\" srcset=\"https:\/\/ytengsport.com\/wp-content\/uploads\/2021\/02\/Printed-suspender-swimsuit-manufacturer-in-China.jpg 1000w, https:\/\/ytengsport.com\/wp-content\/uploads\/2021\/02\/Printed-suspender-swimsuit-manufacturer-in-China-300x300.jpg 300w, https:\/\/ytengsport.com\/wp-content\/uploads\/2021\/02\/Printed-suspender-swimsuit-manufacturer-in-China-150x150.jpg 150w, https:\/\/ytengsport.com\/wp-content\/uploads\/2021\/02\/Printed-suspender-swimsuit-manufacturer-in-China-768x768.jpg 768w, https:\/\/ytengsport.com\/wp-content\/uploads\/2021\/02\/Printed-suspender-swimsuit-manufacturer-in-China-600x600.jpg 600w, https:\/\/ytengsport.com\/wp-content\/uploads\/2021\/02\/Printed-suspender-swimsuit-manufacturer-in-China-100x100.jpg 100w\" sizes=\"(max-width: 1000px) 100vw, 1000px\" \/>\t\t\t\t\t\t\t\t\t\t\t\t\t\t\t<\/div>\n\t\t\t\t<div class=\"elementor-element elementor-element-e43bacc elementor-widget elementor-widget-text-editor\" data-id=\"e43bacc\" data-element_type=\"widget\" data-e-type=\"widget\" data-widget_type=\"text-editor.default\">\n\t\t\t\t\t\t\t\t\t<p>Fabricante de ba\u00f1adores con tirantes estampados en China<\/p>\t\t\t\t\t\t\t\t<\/div>\n\t\t\t\t\t<\/div>\n\t\t<\/div>\n\t\t\t\t<div class=\"elementor-column elementor-col-25 elementor-top-column elementor-element elementor-element-e9135f4\" data-id=\"e9135f4\" data-element_type=\"column\" data-e-type=\"column\">\n\t\t\t<div class=\"elementor-widget-wrap elementor-element-populated\">\n\t\t\t\t\t\t<div class=\"elementor-element elementor-element-5185c55 elementor-widget elementor-widget-image\" data-id=\"5185c55\" data-element_type=\"widget\" data-e-type=\"widget\" data-widget_type=\"image.default\">\n\t\t\t\t\t\t\t\t\t\t\t\t\t\t\t<img alt=\"\" loading=\"lazy\" decoding=\"async\" width=\"1000\" height=\"1000\" src=\"https:\/\/ytengsport.com\/wp-content\/uploads\/2021\/02\/New-one-piece-swimsuit-manufacturers.jpg\" class=\"attachment-large size-large wp-image-943\" srcset=\"https:\/\/ytengsport.com\/wp-content\/uploads\/2021\/02\/New-one-piece-swimsuit-manufacturers.jpg 1000w, https:\/\/ytengsport.com\/wp-content\/uploads\/2021\/02\/New-one-piece-swimsuit-manufacturers-300x300.jpg 300w, https:\/\/ytengsport.com\/wp-content\/uploads\/2021\/02\/New-one-piece-swimsuit-manufacturers-150x150.jpg 150w, https:\/\/ytengsport.com\/wp-content\/uploads\/2021\/02\/New-one-piece-swimsuit-manufacturers-768x768.jpg 768w, https:\/\/ytengsport.com\/wp-content\/uploads\/2021\/02\/New-one-piece-swimsuit-manufacturers-600x600.jpg 600w, https:\/\/ytengsport.com\/wp-content\/uploads\/2021\/02\/New-one-piece-swimsuit-manufacturers-100x100.jpg 100w\" sizes=\"(max-width: 1000px) 100vw, 1000px\" \/>\t\t\t\t\t\t\t\t\t\t\t\t\t\t\t<\/div>\n\t\t\t\t<div class=\"elementor-element elementor-element-06d2957 elementor-widget elementor-widget-text-editor\" data-id=\"06d2957\" data-element_type=\"widget\" data-e-type=\"widget\" data-widget_type=\"text-editor.default\">\n\t\t\t\t\t\t\t\t\t<p>Nuevos fabricantes de trajes de ba\u00f1o de una pieza<\/p>\t\t\t\t\t\t\t\t<\/div>\n\t\t\t\t\t<\/div>\n\t\t<\/div>\n\t\t\t\t<div class=\"elementor-column elementor-col-25 elementor-top-column elementor-element elementor-element-f1b6cbc\" data-id=\"f1b6cbc\" data-element_type=\"column\" data-e-type=\"column\">\n\t\t\t<div class=\"elementor-widget-wrap elementor-element-populated\">\n\t\t\t\t\t\t<div class=\"elementor-element elementor-element-a558acd elementor-widget elementor-widget-image\" data-id=\"a558acd\" data-element_type=\"widget\" data-e-type=\"widget\" data-widget_type=\"image.default\">\n\t\t\t\t\t\t\t\t\t\t\t\t\t\t\t<img loading=\"lazy\" decoding=\"async\" width=\"1000\" height=\"1000\" src=\"https:\/\/ytengsport.com\/wp-content\/uploads\/2021\/02\/Womens-large-one-piece-swimsuit-manufacturers-China.jpg\" class=\"attachment-large size-large wp-image-924\" alt=\"Traje de ba\u00f1o de una pieza grande para mujer fabricantes China\" srcset=\"https:\/\/ytengsport.com\/wp-content\/uploads\/2021\/02\/Womens-large-one-piece-swimsuit-manufacturers-China.jpg 1000w, https:\/\/ytengsport.com\/wp-content\/uploads\/2021\/02\/Womens-large-one-piece-swimsuit-manufacturers-China-300x300.jpg 300w, https:\/\/ytengsport.com\/wp-content\/uploads\/2021\/02\/Womens-large-one-piece-swimsuit-manufacturers-China-150x150.jpg 150w, https:\/\/ytengsport.com\/wp-content\/uploads\/2021\/02\/Womens-large-one-piece-swimsuit-manufacturers-China-768x768.jpg 768w, https:\/\/ytengsport.com\/wp-content\/uploads\/2021\/02\/Womens-large-one-piece-swimsuit-manufacturers-China-600x600.jpg 600w, https:\/\/ytengsport.com\/wp-content\/uploads\/2021\/02\/Womens-large-one-piece-swimsuit-manufacturers-China-100x100.jpg 100w\" sizes=\"(max-width: 1000px) 100vw, 1000px\" \/>\t\t\t\t\t\t\t\t\t\t\t\t\t\t\t<\/div>\n\t\t\t\t<div class=\"elementor-element elementor-element-6ac8531 elementor-widget elementor-widget-text-editor\" data-id=\"6ac8531\" data-element_type=\"widget\" data-e-type=\"widget\" data-widget_type=\"text-editor.default\">\n\t\t\t\t\t\t\t\t\t<p>Fabricantes de trajes de ba\u00f1o de una pieza grandes para mujer en China<\/p>\t\t\t\t\t\t\t\t<\/div>\n\t\t\t\t\t<\/div>\n\t\t<\/div>\n\t\t\t\t\t<\/div>\n\t\t<\/section>\n\t\t\t\t<\/div>","protected":false},"excerpt":{"rendered":"<p>Pattern swimsuit manufacturer 1.Breathable and easy to dry2.Full of elasticity3.Soft and comfortable4.Cool and breathable5.Sew line notarization\u00a0 \u00a0 \u00a0 \u00a0 \u00a0 \u00a0 \u00a0 \u00a0 \u00a0 \u00a0 \u00a0 \u00a0 \u00a0 \u00a0 \u00a0 \u00a0 \u00a0 \u00a0 \u00a0 \u00a0 \u00a0 \u00a0 \u00a0 \u00a0 \u00a0 \u00a0 \u00a0 \u00a0 \u00a0 \u00a0 \u00a0 \u00a0 \u00a0 \u00a0 \u00a0 \u00a0 \u00a0 \u00a0 \u00a0 6.The [&hellip;]","protected":false},"author":1,"featured_media":0,"parent":0,"menu_order":0,"comment_status":"closed","ping_status":"closed","template":"","meta":{"_seopress_robots_primary_cat":"","_seopress_titles_title":"","_seopress_titles_desc":"","_seopress_robots_index":"","footnotes":""},"class_list":["post-1191","page","type-page","status-publish","hentry"],"_links":{"self":[{"href":"https:\/\/ytengsport.com\/es\/wp-json\/wp\/v2\/pages\/1191","targetHints":{"allow":["GET"]}}],"collection":[{"href":"https:\/\/ytengsport.com\/es\/wp-json\/wp\/v2\/pages"}],"about":[{"href":"https:\/\/ytengsport.com\/es\/wp-json\/wp\/v2\/types\/page"}],"author":[{"embeddable":true,"href":"https:\/\/ytengsport.com\/es\/wp-json\/wp\/v2\/users\/1"}],"replies":[{"embeddable":true,"href":"https:\/\/ytengsport.com\/es\/wp-json\/wp\/v2\/comments?post=1191"}],"version-history":[{"count":11,"href":"https:\/\/ytengsport.com\/es\/wp-json\/wp\/v2\/pages\/1191\/revisions"}],"predecessor-version":[{"id":3276,"href":"https:\/\/ytengsport.com\/es\/wp-json\/wp\/v2\/pages\/1191\/revisions\/3276"}],"wp:attachment":[{"href":"https:\/\/ytengsport.com\/es\/wp-json\/wp\/v2\/media?parent=1191"}],"curies":[{"name":"wp","href":"https:\/\/api.w.org\/{rel}","templated":true}]}}