{"id":1186,"date":"2021-02-09T08:14:19","date_gmt":"2021-02-09T08:14:19","guid":{"rendered":"http:\/\/ytengsport.com\/?page_id=1186"},"modified":"2025-12-25T13:13:17","modified_gmt":"2025-12-25T13:13:17","slug":"fabricant-europeen-et-americain-de-bikinis-sexy-a-taille-haute-2","status":"publish","type":"page","link":"https:\/\/ytengsport.com\/fr\/fabricant-europeen-et-americain-de-bikinis-sexy-a-taille-haute-2\/","title":{"rendered":"Bikini taille haute sexy europ\u00e9en et am\u00e9ricain Fabricant"},"content":{"rendered":"<div data-elementor-type=\"wp-page\" data-elementor-id=\"1186\" class=\"elementor elementor-1186\" data-elementor-post-type=\"page\">\n\t\t\t\t<div class=\"elementor-element elementor-element-7a05a1e e-flex e-con-boxed e-con e-parent\" data-id=\"7a05a1e\" data-element_type=\"container\" data-e-type=\"container\">\n\t\t\t\t\t<div class=\"e-con-inner\">\n\t\t<div class=\"elementor-element elementor-element-801e25e e-con-full e-flex e-con e-child\" data-id=\"801e25e\" data-element_type=\"container\" data-e-type=\"container\">\n\t\t<div class=\"elementor-element elementor-element-05e91bf e-con-full e-flex e-con e-child\" data-id=\"05e91bf\" data-element_type=\"container\" data-e-type=\"container\">\n\t\t<div class=\"elementor-element elementor-element-26dd9f4 e-con-full e-flex e-con e-child\" data-id=\"26dd9f4\" data-element_type=\"container\" data-e-type=\"container\">\n\t\t\t\t<div class=\"elementor-element elementor-element-b7c92d2 elementor-widget elementor-widget-image\" data-id=\"b7c92d2\" data-element_type=\"widget\" data-e-type=\"widget\" data-widget_type=\"image.default\">\n\t\t\t\t\t\t\t\t\t\t\t\t\t\t\t<img decoding=\"async\" src=\"https:\/\/ytengsport.com\/wp-content\/uploads\/2021\/02\/European-and-American-sexy-high-waist-bikini-Manufacturer-in-China.jpg\" title=\"\" alt=\"\" loading=\"lazy\" \/>\t\t\t\t\t\t\t\t\t\t\t\t\t\t\t<\/div>\n\t\t\t\t<\/div>\n\t\t\t\t<\/div>\n\t\t<div class=\"elementor-element elementor-element-f712b6c e-con-full e-flex e-con e-child\" data-id=\"f712b6c\" data-element_type=\"container\" data-e-type=\"container\">\n\t\t<div class=\"elementor-element elementor-element-48f2341 e-con-full e-flex e-con e-child\" data-id=\"48f2341\" data-element_type=\"container\" data-e-type=\"container\">\n\t\t\t\t<div class=\"elementor-element elementor-element-7099d79 elementor-widget elementor-widget-image\" data-id=\"7099d79\" data-element_type=\"widget\" data-e-type=\"widget\" data-widget_type=\"image.default\">\n\t\t\t\t\t\t\t\t\t\t\t\t\t\t\t<img decoding=\"async\" src=\"https:\/\/ytengsport.com\/wp-content\/uploads\/2021\/02\/European-and-American-sexy-high-waist-bikini-Manufacturers.jpg\" title=\"\" alt=\"\" loading=\"lazy\" \/>\t\t\t\t\t\t\t\t\t\t\t\t\t\t\t<\/div>\n\t\t\t\t<\/div>\n\t\t<div class=\"elementor-element elementor-element-ff8c298 e-con-full e-flex e-con e-child\" data-id=\"ff8c298\" data-element_type=\"container\" data-e-type=\"container\">\n\t\t\t\t<div class=\"elementor-element elementor-element-0180091 elementor-widget elementor-widget-image\" data-id=\"0180091\" data-element_type=\"widget\" data-e-type=\"widget\" data-widget_type=\"image.default\">\n\t\t\t\t\t\t\t\t\t\t\t\t\t\t\t<img decoding=\"async\" src=\"https:\/\/ytengsport.com\/wp-content\/uploads\/2021\/02\/European-and-American-sexy-high-waist-bikini-Manufacturers-China.jpg\" title=\"\" alt=\"\" loading=\"lazy\" \/>\t\t\t\t\t\t\t\t\t\t\t\t\t\t\t<\/div>\n\t\t\t\t<\/div>\n\t\t<div class=\"elementor-element elementor-element-7824dd0 e-con-full e-flex e-con e-child\" data-id=\"7824dd0\" data-element_type=\"container\" data-e-type=\"container\">\n\t\t\t\t<div class=\"elementor-element elementor-element-77ec761 elementor-widget elementor-widget-image\" data-id=\"77ec761\" data-element_type=\"widget\" data-e-type=\"widget\" data-widget_type=\"image.default\">\n\t\t\t\t\t\t\t\t\t\t\t\t\t\t\t<img decoding=\"async\" src=\"https:\/\/ytengsport.com\/wp-content\/uploads\/2021\/02\/European-and-American-sexy-high-waist-bikini-Manufacturer.jpg\" title=\"\" alt=\"\" loading=\"lazy\" \/>\t\t\t\t\t\t\t\t\t\t\t\t\t\t\t<\/div>\n\t\t\t\t<\/div>\n\t\t\t\t<\/div>\n\t\t\t\t<\/div>\n\t\t<div class=\"elementor-element elementor-element-1bab042 e-con-full e-flex e-con e-child\" data-id=\"1bab042\" data-element_type=\"container\" data-e-type=\"container\">\n\t\t\t\t<div class=\"elementor-element elementor-element-058ed6d elementor-widget elementor-widget-heading\" data-id=\"058ed6d\" data-element_type=\"widget\" data-e-type=\"widget\" data-widget_type=\"heading.default\">\n\t\t\t\t\t<h2 class=\"elementor-heading-title elementor-size-default\">Bikini taille haute sexy europ\u00e9en et am\u00e9ricain Fabricant<\/h2>\t\t\t\t<\/div>\n\t\t\t\t<div class=\"elementor-element elementor-element-9dc5070 elementor-widget elementor-widget-text-editor\" data-id=\"9dc5070\" data-element_type=\"widget\" data-e-type=\"widget\" data-widget_type=\"text-editor.default\">\n\t\t\t\t\t\t\t\t\t<p>1. Respirant et facile \u00e0 s\u00e9cher<br \/>2. Plein d'\u00e9lasticit\u00e9<br \/>3. Doux et confortable<br \/>4. Frais et respirant<br \/>5. Certification de la ligne de couture                                                                              6. Utilisation d'une technologie de couture soign\u00e9e,                                                       solide et esth\u00e9tique, r\u00e9sistante aux fissures.<\/p>\t\t\t\t\t\t\t\t<\/div>\n\t\t\t\t<div class=\"elementor-element elementor-element-c82cc0a elementor-widget elementor-widget-text-editor\" data-id=\"c82cc0a\" data-element_type=\"widget\" data-e-type=\"widget\" data-widget_type=\"text-editor.default\">\n\t\t\t\t\t\t\t\t\t<p><b>R\u00e9f\u00e9rence\u00a0 \u00a0 \u00a0 \u00a0 \u00a0 \u00a0<\/b>Bik-605<\/p>\t\t\t\t\t\t\t\t<\/div>\n\t\t\t\t<div class=\"elementor-element elementor-element-1dd02a9 elementor-widget elementor-widget-text-editor\" data-id=\"1dd02a9\" data-element_type=\"widget\" data-e-type=\"widget\" data-widget_type=\"text-editor.default\">\n\t\t\t\t\t\t\t\t\t<p><span style=\"font-weight: bold;\">\u00a0<\/span><\/p><p><span style=\"font-weight: bold;\">Cat\u00e9gorie\u00a0 \u00a0<\/span>Bikini<\/p>\t\t\t\t\t\t\t\t<\/div>\n\t\t\t\t<div class=\"elementor-element elementor-element-6ac52d7 elementor-shape-circle e-grid-align-left elementor-grid-0 elementor-widget elementor-widget-social-icons\" data-id=\"6ac52d7\" data-element_type=\"widget\" data-e-type=\"widget\" data-widget_type=\"social-icons.default\">\n\t\t\t\t\t\t\t<div class=\"elementor-social-icons-wrapper elementor-grid\" role=\"list\">\n\t\t\t\t\t\t\t<span class=\"elementor-grid-item\" role=\"listitem\">\n\t\t\t\t\t<a class=\"elementor-icon elementor-social-icon elementor-social-icon-whatsapp elementor-repeater-item-fb44255\" href=\"\" target=\"_blank\">\n\t\t\t\t\t\t<span class=\"elementor-screen-only\">Whatsapp<\/span>\n\t\t\t\t\t\t<i aria-hidden=\"true\" class=\"fab fa-whatsapp\"><\/i>\t\t\t\t\t<\/a>\n\t\t\t\t<\/span>\n\t\t\t\t\t\t\t<span class=\"elementor-grid-item\" role=\"listitem\">\n\t\t\t\t\t<a class=\"elementor-icon elementor-social-icon elementor-social-icon-skype elementor-repeater-item-8356e6d\" href=\"\" target=\"_blank\">\n\t\t\t\t\t\t<span class=\"elementor-screen-only\">Skype<\/span>\n\t\t\t\t\t\t<i aria-hidden=\"true\" class=\"fab fa-skype\"><\/i>\t\t\t\t\t<\/a>\n\t\t\t\t<\/span>\n\t\t\t\t\t<\/div>\n\t\t\t\t\t\t<\/div>\n\t\t\t\t<div class=\"elementor-element elementor-element-792c6c1 elementor-widget elementor-widget-button\" data-id=\"792c6c1\" data-element_type=\"widget\" data-e-type=\"widget\" data-widget_type=\"button.default\">\n\t\t\t\t\t\t\t\t\t\t<a class=\"elementor-button elementor-button-link elementor-size-md\" href=\"http:\/\/ytengsport.com\/get-a-quote\/\" target=\"_blank\">\n\t\t\t\t\t\t<span class=\"elementor-button-content-wrapper\">\n\t\t\t\t\t\t\t\t\t<span class=\"elementor-button-text\">Obtenir un devis<\/span>\n\t\t\t\t\t<\/span>\n\t\t\t\t\t<\/a>\n\t\t\t\t\t\t\t\t<\/div>\n\t\t\t\t<\/div>\n\t\t\t\t\t<\/div>\n\t\t\t\t<\/div>\n\t\t\t\t<section class=\"elementor-section elementor-top-section elementor-element elementor-element-9227bb6 elementor-section-boxed elementor-section-height-default elementor-section-height-default\" data-id=\"9227bb6\" data-element_type=\"section\" data-e-type=\"section\">\n\t\t\t\t\t\t<div class=\"elementor-container elementor-column-gap-default\">\n\t\t\t\t\t<div class=\"elementor-column elementor-col-100 elementor-top-column elementor-element elementor-element-9658b71\" data-id=\"9658b71\" data-element_type=\"column\" data-e-type=\"column\">\n\t\t\t<div class=\"elementor-widget-wrap elementor-element-populated\">\n\t\t\t\t\t\t<div class=\"elementor-element elementor-element-9329272 elementor-widget elementor-widget-image\" data-id=\"9329272\" data-element_type=\"widget\" data-e-type=\"widget\" data-widget_type=\"image.default\">\n\t\t\t\t\t\t\t\t\t\t\t\t\t\t\t<img fetchpriority=\"high\" decoding=\"async\" width=\"1020\" height=\"294\" src=\"https:\/\/ytengsport.com\/wp-content\/uploads\/2021\/02\/swimwear-manufacturer-dimension-1024x295.png\" class=\"attachment-large size-large wp-image-896\" alt=\"dimension du fabricant de maillots de bain\" srcset=\"https:\/\/ytengsport.com\/wp-content\/uploads\/2021\/02\/swimwear-manufacturer-dimension-1024x295.png 1024w, https:\/\/ytengsport.com\/wp-content\/uploads\/2021\/02\/swimwear-manufacturer-dimension-300x86.png 300w, https:\/\/ytengsport.com\/wp-content\/uploads\/2021\/02\/swimwear-manufacturer-dimension-768x221.png 768w, https:\/\/ytengsport.com\/wp-content\/uploads\/2021\/02\/swimwear-manufacturer-dimension-600x173.png 600w, https:\/\/ytengsport.com\/wp-content\/uploads\/2021\/02\/swimwear-manufacturer-dimension.png 1271w\" sizes=\"(max-width: 1020px) 100vw, 1020px\" \/>\t\t\t\t\t\t\t\t\t\t\t\t\t\t\t<\/div>\n\t\t\t\t<div class=\"elementor-element elementor-element-3683673 elementor-widget-divider--view-line elementor-widget elementor-widget-divider\" data-id=\"3683673\" data-element_type=\"widget\" data-e-type=\"widget\" data-widget_type=\"divider.default\">\n\t\t\t\t\t\t\t<div class=\"elementor-divider\">\n\t\t\t<span class=\"elementor-divider-separator\">\n\t\t\t\t\t\t<\/span>\n\t\t<\/div>\n\t\t\t\t\t\t<\/div>\n\t\t\t\t<div class=\"elementor-element elementor-element-c3d0bbf elementor-widget elementor-widget-heading\" data-id=\"c3d0bbf\" data-element_type=\"widget\" data-e-type=\"widget\" data-widget_type=\"heading.default\">\n\t\t\t\t\t<h2 class=\"elementor-heading-title elementor-size-default\">Produit associ\u00e9<\/h2>\t\t\t\t<\/div>\n\t\t\t\t\t<\/div>\n\t\t<\/div>\n\t\t\t\t\t<\/div>\n\t\t<\/section>\n\t\t\t\t<section class=\"elementor-section elementor-top-section elementor-element elementor-element-1344c38 elementor-section-boxed elementor-section-height-default elementor-section-height-default\" data-id=\"1344c38\" data-element_type=\"section\" data-e-type=\"section\">\n\t\t\t\t\t\t<div class=\"elementor-container elementor-column-gap-default\">\n\t\t\t\t\t<div class=\"elementor-column elementor-col-25 elementor-top-column elementor-element elementor-element-cfa6c7e\" data-id=\"cfa6c7e\" data-element_type=\"column\" data-e-type=\"column\">\n\t\t\t<div class=\"elementor-widget-wrap elementor-element-populated\">\n\t\t\t\t\t\t<div class=\"elementor-element elementor-element-88d07f2 elementor-widget elementor-widget-image\" data-id=\"88d07f2\" data-element_type=\"widget\" data-e-type=\"widget\" data-widget_type=\"image.default\">\n\t\t\t\t\t\t\t\t\t\t\t\t\t\t\t<img alt=\"\" decoding=\"async\" width=\"1000\" height=\"1000\" src=\"https:\/\/ytengsport.com\/wp-content\/uploads\/2021\/02\/Printed-swimsuit-manufacturers.jpg\" class=\"attachment-large size-large wp-image-969\" srcset=\"https:\/\/ytengsport.com\/wp-content\/uploads\/2021\/02\/Printed-swimsuit-manufacturers.jpg 1000w, https:\/\/ytengsport.com\/wp-content\/uploads\/2021\/02\/Printed-swimsuit-manufacturers-300x300.jpg 300w, https:\/\/ytengsport.com\/wp-content\/uploads\/2021\/02\/Printed-swimsuit-manufacturers-150x150.jpg 150w, https:\/\/ytengsport.com\/wp-content\/uploads\/2021\/02\/Printed-swimsuit-manufacturers-768x768.jpg 768w, https:\/\/ytengsport.com\/wp-content\/uploads\/2021\/02\/Printed-swimsuit-manufacturers-600x600.jpg 600w, https:\/\/ytengsport.com\/wp-content\/uploads\/2021\/02\/Printed-swimsuit-manufacturers-100x100.jpg 100w\" sizes=\"(max-width: 1000px) 100vw, 1000px\" \/>\t\t\t\t\t\t\t\t\t\t\t\t\t\t\t<\/div>\n\t\t\t\t<div class=\"elementor-element elementor-element-8e5a2be elementor-widget elementor-widget-text-editor\" data-id=\"8e5a2be\" data-element_type=\"widget\" data-e-type=\"widget\" data-widget_type=\"text-editor.default\">\n\t\t\t\t\t\t\t\t\t<p>Fabricants de maillots de bain imprim\u00e9s<\/p>\t\t\t\t\t\t\t\t<\/div>\n\t\t\t\t\t<\/div>\n\t\t<\/div>\n\t\t\t\t<div class=\"elementor-column elementor-col-25 elementor-top-column elementor-element elementor-element-d67f661\" data-id=\"d67f661\" data-element_type=\"column\" data-e-type=\"column\">\n\t\t\t<div class=\"elementor-widget-wrap elementor-element-populated\">\n\t\t\t\t\t\t<div class=\"elementor-element elementor-element-b5cd23c elementor-widget elementor-widget-image\" data-id=\"b5cd23c\" data-element_type=\"widget\" data-e-type=\"widget\" data-widget_type=\"image.default\">\n\t\t\t\t\t\t\t\t\t\t\t\t\t\t\t<img decoding=\"async\" width=\"1000\" height=\"1000\" src=\"https:\/\/ytengsport.com\/wp-content\/uploads\/2021\/02\/Printed-suspender-swimsuit-manufacturer-in-China.jpg\" class=\"attachment-large size-large wp-image-952\" alt=\"Fabricant de maillots de bain \u00e0 bretelles imprim\u00e9s en Chine\" srcset=\"https:\/\/ytengsport.com\/wp-content\/uploads\/2021\/02\/Printed-suspender-swimsuit-manufacturer-in-China.jpg 1000w, https:\/\/ytengsport.com\/wp-content\/uploads\/2021\/02\/Printed-suspender-swimsuit-manufacturer-in-China-300x300.jpg 300w, https:\/\/ytengsport.com\/wp-content\/uploads\/2021\/02\/Printed-suspender-swimsuit-manufacturer-in-China-150x150.jpg 150w, https:\/\/ytengsport.com\/wp-content\/uploads\/2021\/02\/Printed-suspender-swimsuit-manufacturer-in-China-768x768.jpg 768w, https:\/\/ytengsport.com\/wp-content\/uploads\/2021\/02\/Printed-suspender-swimsuit-manufacturer-in-China-600x600.jpg 600w, https:\/\/ytengsport.com\/wp-content\/uploads\/2021\/02\/Printed-suspender-swimsuit-manufacturer-in-China-100x100.jpg 100w\" sizes=\"(max-width: 1000px) 100vw, 1000px\" \/>\t\t\t\t\t\t\t\t\t\t\t\t\t\t\t<\/div>\n\t\t\t\t<div class=\"elementor-element elementor-element-e43bacc elementor-widget elementor-widget-text-editor\" data-id=\"e43bacc\" data-element_type=\"widget\" data-e-type=\"widget\" data-widget_type=\"text-editor.default\">\n\t\t\t\t\t\t\t\t\t<p>Fabricant de maillots de bain \u00e0 bretelles imprim\u00e9s en Chine<\/p>\t\t\t\t\t\t\t\t<\/div>\n\t\t\t\t\t<\/div>\n\t\t<\/div>\n\t\t\t\t<div class=\"elementor-column elementor-col-25 elementor-top-column elementor-element elementor-element-e9135f4\" data-id=\"e9135f4\" data-element_type=\"column\" data-e-type=\"column\">\n\t\t\t<div class=\"elementor-widget-wrap elementor-element-populated\">\n\t\t\t\t\t\t<div class=\"elementor-element elementor-element-5185c55 elementor-widget elementor-widget-image\" data-id=\"5185c55\" data-element_type=\"widget\" data-e-type=\"widget\" data-widget_type=\"image.default\">\n\t\t\t\t\t\t\t\t\t\t\t\t\t\t\t<img alt=\"\" loading=\"lazy\" decoding=\"async\" width=\"1000\" height=\"1000\" src=\"https:\/\/ytengsport.com\/wp-content\/uploads\/2021\/02\/New-one-piece-swimsuit-manufacturers.jpg\" class=\"attachment-large size-large wp-image-943\" srcset=\"https:\/\/ytengsport.com\/wp-content\/uploads\/2021\/02\/New-one-piece-swimsuit-manufacturers.jpg 1000w, https:\/\/ytengsport.com\/wp-content\/uploads\/2021\/02\/New-one-piece-swimsuit-manufacturers-300x300.jpg 300w, https:\/\/ytengsport.com\/wp-content\/uploads\/2021\/02\/New-one-piece-swimsuit-manufacturers-150x150.jpg 150w, https:\/\/ytengsport.com\/wp-content\/uploads\/2021\/02\/New-one-piece-swimsuit-manufacturers-768x768.jpg 768w, https:\/\/ytengsport.com\/wp-content\/uploads\/2021\/02\/New-one-piece-swimsuit-manufacturers-600x600.jpg 600w, https:\/\/ytengsport.com\/wp-content\/uploads\/2021\/02\/New-one-piece-swimsuit-manufacturers-100x100.jpg 100w\" sizes=\"(max-width: 1000px) 100vw, 1000px\" \/>\t\t\t\t\t\t\t\t\t\t\t\t\t\t\t<\/div>\n\t\t\t\t<div class=\"elementor-element elementor-element-06d2957 elementor-widget elementor-widget-text-editor\" data-id=\"06d2957\" data-element_type=\"widget\" data-e-type=\"widget\" data-widget_type=\"text-editor.default\">\n\t\t\t\t\t\t\t\t\t<p>Nouveaux fabricants de maillots de bain une pi\u00e8ce<\/p>\t\t\t\t\t\t\t\t<\/div>\n\t\t\t\t\t<\/div>\n\t\t<\/div>\n\t\t\t\t<div class=\"elementor-column elementor-col-25 elementor-top-column elementor-element elementor-element-f1b6cbc\" data-id=\"f1b6cbc\" data-element_type=\"column\" data-e-type=\"column\">\n\t\t\t<div class=\"elementor-widget-wrap elementor-element-populated\">\n\t\t\t\t\t\t<div class=\"elementor-element elementor-element-a558acd elementor-widget elementor-widget-image\" data-id=\"a558acd\" data-element_type=\"widget\" data-e-type=\"widget\" data-widget_type=\"image.default\">\n\t\t\t\t\t\t\t\t\t\t\t\t\t\t\t<img loading=\"lazy\" decoding=\"async\" width=\"1000\" height=\"1000\" src=\"https:\/\/ytengsport.com\/wp-content\/uploads\/2021\/02\/Womens-large-one-piece-swimsuit-manufacturers-China.jpg\" class=\"attachment-large size-large wp-image-924\" alt=\"Maillot de bain une pi\u00e8ce large pour femmes fabricants Chine\" srcset=\"https:\/\/ytengsport.com\/wp-content\/uploads\/2021\/02\/Womens-large-one-piece-swimsuit-manufacturers-China.jpg 1000w, https:\/\/ytengsport.com\/wp-content\/uploads\/2021\/02\/Womens-large-one-piece-swimsuit-manufacturers-China-300x300.jpg 300w, https:\/\/ytengsport.com\/wp-content\/uploads\/2021\/02\/Womens-large-one-piece-swimsuit-manufacturers-China-150x150.jpg 150w, https:\/\/ytengsport.com\/wp-content\/uploads\/2021\/02\/Womens-large-one-piece-swimsuit-manufacturers-China-768x768.jpg 768w, https:\/\/ytengsport.com\/wp-content\/uploads\/2021\/02\/Womens-large-one-piece-swimsuit-manufacturers-China-600x600.jpg 600w, https:\/\/ytengsport.com\/wp-content\/uploads\/2021\/02\/Womens-large-one-piece-swimsuit-manufacturers-China-100x100.jpg 100w\" sizes=\"(max-width: 1000px) 100vw, 1000px\" \/>\t\t\t\t\t\t\t\t\t\t\t\t\t\t\t<\/div>\n\t\t\t\t<div class=\"elementor-element elementor-element-6ac8531 elementor-widget elementor-widget-text-editor\" data-id=\"6ac8531\" data-element_type=\"widget\" data-e-type=\"widget\" data-widget_type=\"text-editor.default\">\n\t\t\t\t\t\t\t\t\t<p>Fabricants chinois de maillots de bain une pi\u00e8ce grande taille pour femmes<\/p>\t\t\t\t\t\t\t\t<\/div>\n\t\t\t\t\t<\/div>\n\t\t<\/div>\n\t\t\t\t\t<\/div>\n\t\t<\/section>\n\t\t\t\t<\/div>","protected":false},"excerpt":{"rendered":"<p>European and American sexy high waist bikini Manufacturer 1.Breathable and easy to dry2.Full of elasticity3.Soft and comfortable4.Cool and breathable5.Sew line notarization\u00a0 \u00a0 \u00a0 \u00a0 \u00a0 \u00a0 \u00a0 \u00a0 \u00a0 \u00a0 \u00a0 \u00a0 \u00a0 \u00a0 \u00a0 \u00a0 \u00a0 \u00a0 \u00a0 \u00a0 \u00a0 \u00a0 \u00a0 \u00a0 \u00a0 \u00a0 \u00a0 \u00a0 \u00a0 \u00a0 \u00a0 \u00a0 \u00a0 \u00a0 \u00a0 [&hellip;]","protected":false},"author":1,"featured_media":0,"parent":0,"menu_order":0,"comment_status":"closed","ping_status":"closed","template":"","meta":{"_seopress_robots_primary_cat":"","_seopress_titles_title":"","_seopress_titles_desc":"","_seopress_robots_index":"","footnotes":""},"class_list":["post-1186","page","type-page","status-publish","hentry"],"_links":{"self":[{"href":"https:\/\/ytengsport.com\/fr\/wp-json\/wp\/v2\/pages\/1186","targetHints":{"allow":["GET"]}}],"collection":[{"href":"https:\/\/ytengsport.com\/fr\/wp-json\/wp\/v2\/pages"}],"about":[{"href":"https:\/\/ytengsport.com\/fr\/wp-json\/wp\/v2\/types\/page"}],"author":[{"embeddable":true,"href":"https:\/\/ytengsport.com\/fr\/wp-json\/wp\/v2\/users\/1"}],"replies":[{"embeddable":true,"href":"https:\/\/ytengsport.com\/fr\/wp-json\/wp\/v2\/comments?post=1186"}],"version-history":[{"count":8,"href":"https:\/\/ytengsport.com\/fr\/wp-json\/wp\/v2\/pages\/1186\/revisions"}],"predecessor-version":[{"id":3318,"href":"https:\/\/ytengsport.com\/fr\/wp-json\/wp\/v2\/pages\/1186\/revisions\/3318"}],"wp:attachment":[{"href":"https:\/\/ytengsport.com\/fr\/wp-json\/wp\/v2\/media?parent=1186"}],"curies":[{"name":"wp","href":"https:\/\/api.w.org\/{rel}","templated":true}]}}