{"id":1377,"date":"2021-02-09T10:00:50","date_gmt":"2021-02-09T10:00:50","guid":{"rendered":"http:\/\/ytengsport.com\/?page_id=1377"},"modified":"2025-12-25T12:47:34","modified_gmt":"2025-12-25T12:47:34","slug":"maillot-de-bain-une-piece-elephant-rose-fabricant","status":"publish","type":"page","link":"https:\/\/ytengsport.com\/fr\/maillot-de-bain-une-piece-elephant-rose-fabricant\/","title":{"rendered":"Fabricant de maillots de bain une pi\u00e8ce rose \u00e9l\u00e9phant"},"content":{"rendered":"<div data-elementor-type=\"wp-page\" data-elementor-id=\"1377\" class=\"elementor elementor-1377\" data-elementor-post-type=\"page\">\n\t\t\t\t<div class=\"elementor-element elementor-element-d213381 e-flex e-con-boxed e-con e-parent\" data-id=\"d213381\" data-element_type=\"container\" data-e-type=\"container\">\n\t\t\t\t\t<div class=\"e-con-inner\">\n\t\t<div class=\"elementor-element elementor-element-4bb5a19 e-con-full e-flex e-con e-child\" data-id=\"4bb5a19\" data-element_type=\"container\" data-e-type=\"container\">\n\t\t<div class=\"elementor-element elementor-element-2f994ec e-con-full e-flex e-con e-child\" data-id=\"2f994ec\" data-element_type=\"container\" data-e-type=\"container\">\n\t\t<div class=\"elementor-element elementor-element-2067a28 e-con-full e-flex e-con e-child\" data-id=\"2067a28\" data-element_type=\"container\" data-e-type=\"container\">\n\t\t\t\t<div class=\"elementor-element elementor-element-7ace88e elementor-widget elementor-widget-image\" data-id=\"7ace88e\" data-element_type=\"widget\" data-e-type=\"widget\" data-widget_type=\"image.default\">\n\t\t\t\t\t\t\t\t\t\t\t\t\t\t\t<img decoding=\"async\" src=\"https:\/\/ytengsport.com\/wp-content\/uploads\/2021\/02\/21856547689_785785882.jpg\" title=\"\" alt=\"\" loading=\"lazy\" \/>\t\t\t\t\t\t\t\t\t\t\t\t\t\t\t<\/div>\n\t\t\t\t<\/div>\n\t\t\t\t<\/div>\n\t\t<div class=\"elementor-element elementor-element-10fbc09 e-con-full e-flex e-con e-child\" data-id=\"10fbc09\" data-element_type=\"container\" data-e-type=\"container\">\n\t\t<div class=\"elementor-element elementor-element-af18b98 e-con-full e-flex e-con e-child\" data-id=\"af18b98\" data-element_type=\"container\" data-e-type=\"container\">\n\t\t\t\t<div class=\"elementor-element elementor-element-7b44c38 elementor-widget elementor-widget-image\" data-id=\"7b44c38\" data-element_type=\"widget\" data-e-type=\"widget\" data-widget_type=\"image.default\">\n\t\t\t\t\t\t\t\t\t\t\t\t\t\t\t<img decoding=\"async\" src=\"https:\/\/ytengsport.com\/wp-content\/uploads\/2021\/02\/Pink-elephant-one-piece-swimsuit-manufacturer-China.jpg\" title=\"\" alt=\"\" loading=\"lazy\" \/>\t\t\t\t\t\t\t\t\t\t\t\t\t\t\t<\/div>\n\t\t\t\t<\/div>\n\t\t\t\t<\/div>\n\t\t\t\t<\/div>\n\t\t<div class=\"elementor-element elementor-element-fc15cdc e-con-full e-flex e-con e-child\" data-id=\"fc15cdc\" data-element_type=\"container\" data-e-type=\"container\">\n\t\t\t\t<div class=\"elementor-element elementor-element-13fe3a7 elementor-widget elementor-widget-heading\" data-id=\"13fe3a7\" data-element_type=\"widget\" data-e-type=\"widget\" data-widget_type=\"heading.default\">\n\t\t\t\t\t<h2 class=\"elementor-heading-title elementor-size-default\">Fabricant de maillots de bain une pi\u00e8ce rose \u00e9l\u00e9phant<\/h2>\t\t\t\t<\/div>\n\t\t\t\t<div class=\"elementor-element elementor-element-a2fca09 elementor-widget elementor-widget-text-editor\" data-id=\"a2fca09\" data-element_type=\"widget\" data-e-type=\"widget\" data-widget_type=\"text-editor.default\">\n\t\t\t\t\t\t\t\t\t<p>1. Respirant et facile \u00e0 s\u00e9cher<br \/>2. Plein d'\u00e9lasticit\u00e9<br \/>3. Doux et confortable<br \/>4. Frais et respirant<br \/>5. Certification de la ligne de couture                                                                              6. Utilisation d'une technologie de couture soign\u00e9e,                                                       solide et esth\u00e9tique, r\u00e9sistante aux fissures.<\/p>\t\t\t\t\t\t\t\t<\/div>\n\t\t\t\t<div class=\"elementor-element elementor-element-12c3334 elementor-widget elementor-widget-text-editor\" data-id=\"12c3334\" data-element_type=\"widget\" data-e-type=\"widget\" data-widget_type=\"text-editor.default\">\n\t\t\t\t\t\t\t\t\t<p><b>R\u00e9f\u00e9rence\u00a0 \u00a0 \u00a0 \u00a0 \u00a0 \u00a0<\/b> GSW-567<\/p>\t\t\t\t\t\t\t\t<\/div>\n\t\t\t\t<div class=\"elementor-element elementor-element-55e70dc elementor-widget elementor-widget-text-editor\" data-id=\"55e70dc\" data-element_type=\"widget\" data-e-type=\"widget\" data-widget_type=\"text-editor.default\">\n\t\t\t\t\t\t\t\t\t<p><span style=\"font-weight: bold;\">\u00a0<\/span><\/p><p><span style=\"font-weight: bold;\">Cat\u00e9gorie\u00a0 \u00a0<\/span>Maillots de bain pour filles<\/p>\t\t\t\t\t\t\t\t<\/div>\n\t\t\t\t<div class=\"elementor-element elementor-element-f209c96 elementor-shape-circle e-grid-align-left elementor-grid-0 elementor-widget elementor-widget-social-icons\" data-id=\"f209c96\" data-element_type=\"widget\" data-e-type=\"widget\" data-widget_type=\"social-icons.default\">\n\t\t\t\t\t\t\t<div class=\"elementor-social-icons-wrapper elementor-grid\" role=\"list\">\n\t\t\t\t\t\t\t<span class=\"elementor-grid-item\" role=\"listitem\">\n\t\t\t\t\t<a class=\"elementor-icon elementor-social-icon elementor-social-icon-whatsapp elementor-repeater-item-fb44255\" href=\"\" target=\"_blank\">\n\t\t\t\t\t\t<span class=\"elementor-screen-only\">Whatsapp<\/span>\n\t\t\t\t\t\t<i aria-hidden=\"true\" class=\"fab fa-whatsapp\"><\/i>\t\t\t\t\t<\/a>\n\t\t\t\t<\/span>\n\t\t\t\t\t\t\t<span class=\"elementor-grid-item\" role=\"listitem\">\n\t\t\t\t\t<a class=\"elementor-icon elementor-social-icon elementor-social-icon-skype elementor-repeater-item-8356e6d\" href=\"\" target=\"_blank\">\n\t\t\t\t\t\t<span class=\"elementor-screen-only\">Skype<\/span>\n\t\t\t\t\t\t<i aria-hidden=\"true\" class=\"fab fa-skype\"><\/i>\t\t\t\t\t<\/a>\n\t\t\t\t<\/span>\n\t\t\t\t\t<\/div>\n\t\t\t\t\t\t<\/div>\n\t\t\t\t<div class=\"elementor-element elementor-element-f60d66a elementor-widget elementor-widget-button\" data-id=\"f60d66a\" data-element_type=\"widget\" data-e-type=\"widget\" data-widget_type=\"button.default\">\n\t\t\t\t\t\t\t\t\t\t<a class=\"elementor-button elementor-button-link elementor-size-md\" href=\"http:\/\/ytengsport.com\/get-a-quote\/\" target=\"_blank\">\n\t\t\t\t\t\t<span class=\"elementor-button-content-wrapper\">\n\t\t\t\t\t\t\t\t\t<span class=\"elementor-button-text\">Obtenir un devis<\/span>\n\t\t\t\t\t<\/span>\n\t\t\t\t\t<\/a>\n\t\t\t\t\t\t\t\t<\/div>\n\t\t\t\t<\/div>\n\t\t\t\t\t<\/div>\n\t\t\t\t<\/div>\n\t\t\t\t<section class=\"elementor-section elementor-top-section elementor-element elementor-element-9227bb6 elementor-section-boxed elementor-section-height-default elementor-section-height-default\" data-id=\"9227bb6\" data-element_type=\"section\" data-e-type=\"section\">\n\t\t\t\t\t\t<div class=\"elementor-container elementor-column-gap-default\">\n\t\t\t\t\t<div class=\"elementor-column elementor-col-100 elementor-top-column elementor-element elementor-element-9658b71\" data-id=\"9658b71\" data-element_type=\"column\" data-e-type=\"column\">\n\t\t\t<div class=\"elementor-widget-wrap elementor-element-populated\">\n\t\t\t\t\t\t<div class=\"elementor-element elementor-element-9329272 elementor-widget elementor-widget-image\" data-id=\"9329272\" data-element_type=\"widget\" data-e-type=\"widget\" data-widget_type=\"image.default\">\n\t\t\t\t\t\t\t\t\t\t\t\t\t\t\t<img fetchpriority=\"high\" decoding=\"async\" width=\"790\" height=\"827\" src=\"https:\/\/ytengsport.com\/wp-content\/uploads\/2021\/02\/list_02.jpg\" class=\"attachment-large size-large wp-image-809\" alt=\"dimension du fabricant de maillots de bain\" srcset=\"https:\/\/ytengsport.com\/wp-content\/uploads\/2021\/02\/list_02.jpg 790w, https:\/\/ytengsport.com\/wp-content\/uploads\/2021\/02\/list_02-287x300.jpg 287w, https:\/\/ytengsport.com\/wp-content\/uploads\/2021\/02\/list_02-768x804.jpg 768w, https:\/\/ytengsport.com\/wp-content\/uploads\/2021\/02\/list_02-600x628.jpg 600w\" sizes=\"(max-width: 790px) 100vw, 790px\" \/>\t\t\t\t\t\t\t\t\t\t\t\t\t\t\t<\/div>\n\t\t\t\t<div class=\"elementor-element elementor-element-3683673 elementor-widget-divider--view-line elementor-widget elementor-widget-divider\" data-id=\"3683673\" data-element_type=\"widget\" data-e-type=\"widget\" data-widget_type=\"divider.default\">\n\t\t\t\t\t\t\t<div class=\"elementor-divider\">\n\t\t\t<span class=\"elementor-divider-separator\">\n\t\t\t\t\t\t<\/span>\n\t\t<\/div>\n\t\t\t\t\t\t<\/div>\n\t\t\t\t<div class=\"elementor-element elementor-element-c3d0bbf elementor-widget elementor-widget-heading\" data-id=\"c3d0bbf\" data-element_type=\"widget\" data-e-type=\"widget\" data-widget_type=\"heading.default\">\n\t\t\t\t\t<h2 class=\"elementor-heading-title elementor-size-default\">Produit associ\u00e9<\/h2>\t\t\t\t<\/div>\n\t\t\t\t\t<\/div>\n\t\t<\/div>\n\t\t\t\t\t<\/div>\n\t\t<\/section>\n\t\t\t\t<section class=\"elementor-section elementor-top-section elementor-element elementor-element-1344c38 elementor-section-boxed elementor-section-height-default elementor-section-height-default\" data-id=\"1344c38\" data-element_type=\"section\" data-e-type=\"section\">\n\t\t\t\t\t\t<div class=\"elementor-container elementor-column-gap-default\">\n\t\t\t\t\t<div class=\"elementor-column elementor-col-25 elementor-top-column elementor-element elementor-element-cfa6c7e\" data-id=\"cfa6c7e\" data-element_type=\"column\" data-e-type=\"column\">\n\t\t\t<div class=\"elementor-widget-wrap elementor-element-populated\">\n\t\t\t\t\t\t<div class=\"elementor-element elementor-element-88d07f2 elementor-widget elementor-widget-image\" data-id=\"88d07f2\" data-element_type=\"widget\" data-e-type=\"widget\" data-widget_type=\"image.default\">\n\t\t\t\t\t\t\t\t\t\t\t\t\t\t\t<img alt=\"\" decoding=\"async\" width=\"1000\" height=\"1000\" src=\"https:\/\/ytengsport.com\/wp-content\/uploads\/2021\/02\/Printed-swimsuit-manufacturers.jpg\" class=\"attachment-large size-large wp-image-969\" srcset=\"https:\/\/ytengsport.com\/wp-content\/uploads\/2021\/02\/Printed-swimsuit-manufacturers.jpg 1000w, https:\/\/ytengsport.com\/wp-content\/uploads\/2021\/02\/Printed-swimsuit-manufacturers-300x300.jpg 300w, https:\/\/ytengsport.com\/wp-content\/uploads\/2021\/02\/Printed-swimsuit-manufacturers-150x150.jpg 150w, https:\/\/ytengsport.com\/wp-content\/uploads\/2021\/02\/Printed-swimsuit-manufacturers-768x768.jpg 768w, https:\/\/ytengsport.com\/wp-content\/uploads\/2021\/02\/Printed-swimsuit-manufacturers-600x600.jpg 600w, https:\/\/ytengsport.com\/wp-content\/uploads\/2021\/02\/Printed-swimsuit-manufacturers-100x100.jpg 100w\" sizes=\"(max-width: 1000px) 100vw, 1000px\" \/>\t\t\t\t\t\t\t\t\t\t\t\t\t\t\t<\/div>\n\t\t\t\t<div class=\"elementor-element elementor-element-8e5a2be elementor-widget elementor-widget-text-editor\" data-id=\"8e5a2be\" data-element_type=\"widget\" data-e-type=\"widget\" data-widget_type=\"text-editor.default\">\n\t\t\t\t\t\t\t\t\t<p>Fabricants de maillots de bain imprim\u00e9s<\/p>\t\t\t\t\t\t\t\t<\/div>\n\t\t\t\t\t<\/div>\n\t\t<\/div>\n\t\t\t\t<div class=\"elementor-column elementor-col-25 elementor-top-column elementor-element elementor-element-d67f661\" data-id=\"d67f661\" data-element_type=\"column\" data-e-type=\"column\">\n\t\t\t<div class=\"elementor-widget-wrap elementor-element-populated\">\n\t\t\t\t\t\t<div class=\"elementor-element elementor-element-b5cd23c elementor-widget elementor-widget-image\" data-id=\"b5cd23c\" data-element_type=\"widget\" data-e-type=\"widget\" data-widget_type=\"image.default\">\n\t\t\t\t\t\t\t\t\t\t\t\t\t\t\t<img decoding=\"async\" width=\"1000\" height=\"1000\" src=\"https:\/\/ytengsport.com\/wp-content\/uploads\/2021\/02\/Printed-suspender-swimsuit-manufacturer-in-China.jpg\" class=\"attachment-large size-large wp-image-952\" alt=\"Fabricant de maillots de bain \u00e0 bretelles imprim\u00e9s en Chine\" srcset=\"https:\/\/ytengsport.com\/wp-content\/uploads\/2021\/02\/Printed-suspender-swimsuit-manufacturer-in-China.jpg 1000w, https:\/\/ytengsport.com\/wp-content\/uploads\/2021\/02\/Printed-suspender-swimsuit-manufacturer-in-China-300x300.jpg 300w, https:\/\/ytengsport.com\/wp-content\/uploads\/2021\/02\/Printed-suspender-swimsuit-manufacturer-in-China-150x150.jpg 150w, https:\/\/ytengsport.com\/wp-content\/uploads\/2021\/02\/Printed-suspender-swimsuit-manufacturer-in-China-768x768.jpg 768w, https:\/\/ytengsport.com\/wp-content\/uploads\/2021\/02\/Printed-suspender-swimsuit-manufacturer-in-China-600x600.jpg 600w, https:\/\/ytengsport.com\/wp-content\/uploads\/2021\/02\/Printed-suspender-swimsuit-manufacturer-in-China-100x100.jpg 100w\" sizes=\"(max-width: 1000px) 100vw, 1000px\" \/>\t\t\t\t\t\t\t\t\t\t\t\t\t\t\t<\/div>\n\t\t\t\t<div class=\"elementor-element elementor-element-e43bacc elementor-widget elementor-widget-text-editor\" data-id=\"e43bacc\" data-element_type=\"widget\" data-e-type=\"widget\" data-widget_type=\"text-editor.default\">\n\t\t\t\t\t\t\t\t\t<p>Fabricant de maillots de bain \u00e0 bretelles imprim\u00e9s en Chine<\/p>\t\t\t\t\t\t\t\t<\/div>\n\t\t\t\t\t<\/div>\n\t\t<\/div>\n\t\t\t\t<div class=\"elementor-column elementor-col-25 elementor-top-column elementor-element elementor-element-e9135f4\" data-id=\"e9135f4\" data-element_type=\"column\" data-e-type=\"column\">\n\t\t\t<div class=\"elementor-widget-wrap elementor-element-populated\">\n\t\t\t\t\t\t<div class=\"elementor-element elementor-element-5185c55 elementor-widget elementor-widget-image\" data-id=\"5185c55\" data-element_type=\"widget\" data-e-type=\"widget\" data-widget_type=\"image.default\">\n\t\t\t\t\t\t\t\t\t\t\t\t\t\t\t<img alt=\"\" loading=\"lazy\" decoding=\"async\" width=\"1000\" height=\"1000\" src=\"https:\/\/ytengsport.com\/wp-content\/uploads\/2021\/02\/New-one-piece-swimsuit-manufacturers.jpg\" class=\"attachment-large size-large wp-image-943\" srcset=\"https:\/\/ytengsport.com\/wp-content\/uploads\/2021\/02\/New-one-piece-swimsuit-manufacturers.jpg 1000w, https:\/\/ytengsport.com\/wp-content\/uploads\/2021\/02\/New-one-piece-swimsuit-manufacturers-300x300.jpg 300w, https:\/\/ytengsport.com\/wp-content\/uploads\/2021\/02\/New-one-piece-swimsuit-manufacturers-150x150.jpg 150w, https:\/\/ytengsport.com\/wp-content\/uploads\/2021\/02\/New-one-piece-swimsuit-manufacturers-768x768.jpg 768w, https:\/\/ytengsport.com\/wp-content\/uploads\/2021\/02\/New-one-piece-swimsuit-manufacturers-600x600.jpg 600w, https:\/\/ytengsport.com\/wp-content\/uploads\/2021\/02\/New-one-piece-swimsuit-manufacturers-100x100.jpg 100w\" sizes=\"(max-width: 1000px) 100vw, 1000px\" \/>\t\t\t\t\t\t\t\t\t\t\t\t\t\t\t<\/div>\n\t\t\t\t<div class=\"elementor-element elementor-element-06d2957 elementor-widget elementor-widget-text-editor\" data-id=\"06d2957\" data-element_type=\"widget\" data-e-type=\"widget\" data-widget_type=\"text-editor.default\">\n\t\t\t\t\t\t\t\t\t<p>Nouveaux fabricants de maillots de bain une pi\u00e8ce<\/p>\t\t\t\t\t\t\t\t<\/div>\n\t\t\t\t\t<\/div>\n\t\t<\/div>\n\t\t\t\t<div class=\"elementor-column elementor-col-25 elementor-top-column elementor-element elementor-element-f1b6cbc\" data-id=\"f1b6cbc\" data-element_type=\"column\" data-e-type=\"column\">\n\t\t\t<div class=\"elementor-widget-wrap elementor-element-populated\">\n\t\t\t\t\t\t<div class=\"elementor-element elementor-element-a558acd elementor-widget elementor-widget-image\" data-id=\"a558acd\" data-element_type=\"widget\" data-e-type=\"widget\" data-widget_type=\"image.default\">\n\t\t\t\t\t\t\t\t\t\t\t\t\t\t\t<img loading=\"lazy\" decoding=\"async\" width=\"1000\" height=\"1000\" src=\"https:\/\/ytengsport.com\/wp-content\/uploads\/2021\/02\/Womens-large-one-piece-swimsuit-manufacturers-China.jpg\" class=\"attachment-large size-large wp-image-924\" alt=\"Maillot de bain une pi\u00e8ce large pour femmes fabricants Chine\" srcset=\"https:\/\/ytengsport.com\/wp-content\/uploads\/2021\/02\/Womens-large-one-piece-swimsuit-manufacturers-China.jpg 1000w, https:\/\/ytengsport.com\/wp-content\/uploads\/2021\/02\/Womens-large-one-piece-swimsuit-manufacturers-China-300x300.jpg 300w, https:\/\/ytengsport.com\/wp-content\/uploads\/2021\/02\/Womens-large-one-piece-swimsuit-manufacturers-China-150x150.jpg 150w, https:\/\/ytengsport.com\/wp-content\/uploads\/2021\/02\/Womens-large-one-piece-swimsuit-manufacturers-China-768x768.jpg 768w, https:\/\/ytengsport.com\/wp-content\/uploads\/2021\/02\/Womens-large-one-piece-swimsuit-manufacturers-China-600x600.jpg 600w, https:\/\/ytengsport.com\/wp-content\/uploads\/2021\/02\/Womens-large-one-piece-swimsuit-manufacturers-China-100x100.jpg 100w\" sizes=\"(max-width: 1000px) 100vw, 1000px\" \/>\t\t\t\t\t\t\t\t\t\t\t\t\t\t\t<\/div>\n\t\t\t\t<div class=\"elementor-element elementor-element-6ac8531 elementor-widget elementor-widget-text-editor\" data-id=\"6ac8531\" data-element_type=\"widget\" data-e-type=\"widget\" data-widget_type=\"text-editor.default\">\n\t\t\t\t\t\t\t\t\t<p>Fabricants chinois de maillots de bain une pi\u00e8ce grande taille pour femmes<\/p>\t\t\t\t\t\t\t\t<\/div>\n\t\t\t\t\t<\/div>\n\t\t<\/div>\n\t\t\t\t\t<\/div>\n\t\t<\/section>\n\t\t\t\t<\/div>","protected":false},"excerpt":{"rendered":"<p>Pink elephant one piece swimsuit manufacturer 1.Breathable and easy to dry2.Full of elasticity3.Soft and comfortable4.Cool and breathable5.Sew line notarization\u00a0 \u00a0 \u00a0 \u00a0 \u00a0 \u00a0 \u00a0 \u00a0 \u00a0 \u00a0 \u00a0 \u00a0 \u00a0 \u00a0 \u00a0 \u00a0 \u00a0 \u00a0 \u00a0 \u00a0 \u00a0 \u00a0 \u00a0 \u00a0 \u00a0 \u00a0 \u00a0 \u00a0 \u00a0 \u00a0 \u00a0 \u00a0 \u00a0 \u00a0 \u00a0 \u00a0 \u00a0 [&hellip;]","protected":false},"author":1,"featured_media":0,"parent":0,"menu_order":0,"comment_status":"closed","ping_status":"closed","template":"","meta":{"_seopress_robots_primary_cat":"","_seopress_titles_title":"","_seopress_titles_desc":"","_seopress_robots_index":"","footnotes":""},"class_list":["post-1377","page","type-page","status-publish","hentry"],"_links":{"self":[{"href":"https:\/\/ytengsport.com\/fr\/wp-json\/wp\/v2\/pages\/1377","targetHints":{"allow":["GET"]}}],"collection":[{"href":"https:\/\/ytengsport.com\/fr\/wp-json\/wp\/v2\/pages"}],"about":[{"href":"https:\/\/ytengsport.com\/fr\/wp-json\/wp\/v2\/types\/page"}],"author":[{"embeddable":true,"href":"https:\/\/ytengsport.com\/fr\/wp-json\/wp\/v2\/users\/1"}],"replies":[{"embeddable":true,"href":"https:\/\/ytengsport.com\/fr\/wp-json\/wp\/v2\/comments?post=1377"}],"version-history":[{"count":11,"href":"https:\/\/ytengsport.com\/fr\/wp-json\/wp\/v2\/pages\/1377\/revisions"}],"predecessor-version":[{"id":3263,"href":"https:\/\/ytengsport.com\/fr\/wp-json\/wp\/v2\/pages\/1377\/revisions\/3263"}],"wp:attachment":[{"href":"https:\/\/ytengsport.com\/fr\/wp-json\/wp\/v2\/media?parent=1377"}],"curies":[{"name":"wp","href":"https:\/\/api.w.org\/{rel}","templated":true}]}}