{"id":1196,"date":"2021-02-09T08:18:21","date_gmt":"2021-02-09T08:18:21","guid":{"rendered":"http:\/\/ytengsport.com\/?page_id=1196"},"modified":"2025-12-25T12:31:47","modified_gmt":"2025-12-25T12:31:47","slug":"biquini-sexy-na-europa-e-america-fabricante-2","status":"publish","type":"page","link":"https:\/\/ytengsport.com\/pt\/biquini-sexy-na-europa-e-america-fabricante-2\/","title":{"rendered":"Bikini sexy na Europa e Am\u00e9rica Fabricante"},"content":{"rendered":"<div data-elementor-type=\"wp-page\" data-elementor-id=\"1196\" class=\"elementor elementor-1196\" data-elementor-post-type=\"page\">\n\t\t\t\t<div class=\"elementor-element elementor-element-71f7b5a e-flex e-con-boxed e-con e-parent\" data-id=\"71f7b5a\" data-element_type=\"container\" data-e-type=\"container\">\n\t\t\t\t\t<div class=\"e-con-inner\">\n\t\t<div class=\"elementor-element elementor-element-d40471a e-con-full e-flex e-con e-child\" data-id=\"d40471a\" data-element_type=\"container\" data-e-type=\"container\">\n\t\t<div class=\"elementor-element elementor-element-a62c260 e-con-full e-flex e-con e-child\" data-id=\"a62c260\" data-element_type=\"container\" data-e-type=\"container\">\n\t\t<div class=\"elementor-element elementor-element-aeed1fb e-con-full e-flex e-con e-child\" data-id=\"aeed1fb\" data-element_type=\"container\" data-e-type=\"container\">\n\t\t\t\t<div class=\"elementor-element elementor-element-5f5b62a elementor-widget elementor-widget-image\" data-id=\"5f5b62a\" data-element_type=\"widget\" data-e-type=\"widget\" data-widget_type=\"image.default\">\n\t\t\t\t\t\t\t\t\t\t\t\t\t\t\t<img decoding=\"async\" src=\"https:\/\/ytengsport.com\/wp-content\/uploads\/2021\/02\/Sexy-bikini-in-Europe-and-America-Manufacturers.jpg\" title=\"\" alt=\"\" loading=\"lazy\" \/>\t\t\t\t\t\t\t\t\t\t\t\t\t\t\t<\/div>\n\t\t\t\t<\/div>\n\t\t\t\t<\/div>\n\t\t<div class=\"elementor-element elementor-element-401ff16 e-con-full e-flex e-con e-child\" data-id=\"401ff16\" data-element_type=\"container\" data-e-type=\"container\">\n\t\t<div class=\"elementor-element elementor-element-023ad63 e-con-full e-flex e-con e-child\" data-id=\"023ad63\" data-element_type=\"container\" data-e-type=\"container\">\n\t\t\t\t<div class=\"elementor-element elementor-element-0ef3f09 elementor-widget elementor-widget-image\" data-id=\"0ef3f09\" data-element_type=\"widget\" data-e-type=\"widget\" data-widget_type=\"image.default\">\n\t\t\t\t\t\t\t\t\t\t\t\t\t\t\t<img decoding=\"async\" src=\"https:\/\/ytengsport.com\/wp-content\/uploads\/2021\/02\/Sexy-bikini-in-Europe-and-America-Manufacturers-China.jpg\" title=\"\" alt=\"\" loading=\"lazy\" \/>\t\t\t\t\t\t\t\t\t\t\t\t\t\t\t<\/div>\n\t\t\t\t<\/div>\n\t\t<div class=\"elementor-element elementor-element-a3bf535 e-con-full e-flex e-con e-child\" data-id=\"a3bf535\" data-element_type=\"container\" data-e-type=\"container\">\n\t\t\t\t<div class=\"elementor-element elementor-element-a288481 elementor-widget elementor-widget-image\" data-id=\"a288481\" data-element_type=\"widget\" data-e-type=\"widget\" data-widget_type=\"image.default\">\n\t\t\t\t\t\t\t\t\t\t\t\t\t\t\t<img decoding=\"async\" src=\"https:\/\/ytengsport.com\/wp-content\/uploads\/2021\/02\/Sexy-bikini-in-Europe-and-America-Manufacturer.jpg\" title=\"\" alt=\"\" loading=\"lazy\" \/>\t\t\t\t\t\t\t\t\t\t\t\t\t\t\t<\/div>\n\t\t\t\t<\/div>\n\t\t<div class=\"elementor-element elementor-element-56c260a e-con-full e-flex e-con e-child\" data-id=\"56c260a\" data-element_type=\"container\" data-e-type=\"container\">\n\t\t\t\t<div class=\"elementor-element elementor-element-a47db8a elementor-widget elementor-widget-image\" data-id=\"a47db8a\" data-element_type=\"widget\" data-e-type=\"widget\" data-widget_type=\"image.default\">\n\t\t\t\t\t\t\t\t\t\t\t\t\t\t\t<img decoding=\"async\" src=\"https:\/\/ytengsport.com\/wp-content\/uploads\/2021\/02\/Sexy-bikini-in-Europe-and-America-Manufacturer-from-China.jpg\" title=\"\" alt=\"\" loading=\"lazy\" \/>\t\t\t\t\t\t\t\t\t\t\t\t\t\t\t<\/div>\n\t\t\t\t<\/div>\n\t\t\t\t<\/div>\n\t\t\t\t<\/div>\n\t\t<div class=\"elementor-element elementor-element-85020af e-con-full e-flex e-con e-child\" data-id=\"85020af\" data-element_type=\"container\" data-e-type=\"container\">\n\t\t\t\t<div class=\"elementor-element elementor-element-ba2afda elementor-widget elementor-widget-heading\" data-id=\"ba2afda\" data-element_type=\"widget\" data-e-type=\"widget\" data-widget_type=\"heading.default\">\n\t\t\t\t\t<h2 class=\"elementor-heading-title elementor-size-default\">Bikini sexy na Europa e Am\u00e9rica Fabricante<\/h2>\t\t\t\t<\/div>\n\t\t\t\t<div class=\"elementor-element elementor-element-7995588 elementor-widget elementor-widget-text-editor\" data-id=\"7995588\" data-element_type=\"widget\" data-e-type=\"widget\" data-widget_type=\"text-editor.default\">\n\t\t\t\t\t\t\t\t\t<p>1. Respir\u00e1vel e f\u00e1cil de secar<br \/>2. Cheio de elasticidade<br \/>3. Macio e confort\u00e1vel<br \/>4. Fresco e respir\u00e1vel<br \/>5. Certifica\u00e7\u00e3o da linha de costura                                                                              6. Utiliza\u00e7\u00e3o de tecnologia de linha de costura precisa,                                                       firme e bonita, n\u00e3o \u00e9 f\u00e1cil de rachar a linha.<\/p>\t\t\t\t\t\t\t\t<\/div>\n\t\t\t\t<div class=\"elementor-element elementor-element-b977f2f elementor-widget elementor-widget-text-editor\" data-id=\"b977f2f\" data-element_type=\"widget\" data-e-type=\"widget\" data-widget_type=\"text-editor.default\">\n\t\t\t\t\t\t\t\t\t<p><b>SKU\u00a0 \u00a0 \u00a0 \u00a0 \u00a0 \u00a0 <\/b>Bik-604<\/p>\t\t\t\t\t\t\t\t<\/div>\n\t\t\t\t<div class=\"elementor-element elementor-element-3efd7bf elementor-widget elementor-widget-text-editor\" data-id=\"3efd7bf\" data-element_type=\"widget\" data-e-type=\"widget\" data-widget_type=\"text-editor.default\">\n\t\t\t\t\t\t\t\t\t<p><span style=\"font-weight: bold;\">\u00a0<\/span><\/p><p><span style=\"font-weight: bold;\">Categoria\u00a0 \u00a0 <\/span>Biqu\u00edni<\/p>\t\t\t\t\t\t\t\t<\/div>\n\t\t\t\t<div class=\"elementor-element elementor-element-d5aa52a elementor-shape-circle e-grid-align-left elementor-grid-0 elementor-widget elementor-widget-social-icons\" data-id=\"d5aa52a\" data-element_type=\"widget\" data-e-type=\"widget\" data-widget_type=\"social-icons.default\">\n\t\t\t\t\t\t\t<div class=\"elementor-social-icons-wrapper elementor-grid\" role=\"list\">\n\t\t\t\t\t\t\t<span class=\"elementor-grid-item\" role=\"listitem\">\n\t\t\t\t\t<a class=\"elementor-icon elementor-social-icon elementor-social-icon-whatsapp elementor-repeater-item-fb44255\" href=\"\" target=\"_blank\">\n\t\t\t\t\t\t<span class=\"elementor-screen-only\">Whatsapp<\/span>\n\t\t\t\t\t\t<i aria-hidden=\"true\" class=\"fab fa-whatsapp\"><\/i>\t\t\t\t\t<\/a>\n\t\t\t\t<\/span>\n\t\t\t\t\t\t\t<span class=\"elementor-grid-item\" role=\"listitem\">\n\t\t\t\t\t<a class=\"elementor-icon elementor-social-icon elementor-social-icon-skype elementor-repeater-item-8356e6d\" href=\"\" target=\"_blank\">\n\t\t\t\t\t\t<span class=\"elementor-screen-only\">Skype<\/span>\n\t\t\t\t\t\t<i aria-hidden=\"true\" class=\"fab fa-skype\"><\/i>\t\t\t\t\t<\/a>\n\t\t\t\t<\/span>\n\t\t\t\t\t<\/div>\n\t\t\t\t\t\t<\/div>\n\t\t\t\t<div class=\"elementor-element elementor-element-ab76ce8 elementor-widget elementor-widget-button\" data-id=\"ab76ce8\" data-element_type=\"widget\" data-e-type=\"widget\" data-widget_type=\"button.default\">\n\t\t\t\t\t\t\t\t\t\t<a class=\"elementor-button elementor-button-link elementor-size-md\" href=\"http:\/\/ytengsport.com\/get-a-quote\/\" target=\"_blank\">\n\t\t\t\t\t\t<span class=\"elementor-button-content-wrapper\">\n\t\t\t\t\t\t\t\t\t<span class=\"elementor-button-text\">Obter uma cota\u00e7\u00e3o<\/span>\n\t\t\t\t\t<\/span>\n\t\t\t\t\t<\/a>\n\t\t\t\t\t\t\t\t<\/div>\n\t\t\t\t<\/div>\n\t\t\t\t\t<\/div>\n\t\t\t\t<\/div>\n\t\t\t\t<section class=\"elementor-section elementor-top-section elementor-element elementor-element-9227bb6 elementor-section-boxed elementor-section-height-default elementor-section-height-default\" data-id=\"9227bb6\" data-element_type=\"section\" data-e-type=\"section\">\n\t\t\t\t\t\t<div class=\"elementor-container elementor-column-gap-default\">\n\t\t\t\t\t<div class=\"elementor-column elementor-col-100 elementor-top-column elementor-element elementor-element-9658b71\" data-id=\"9658b71\" data-element_type=\"column\" data-e-type=\"column\">\n\t\t\t<div class=\"elementor-widget-wrap elementor-element-populated\">\n\t\t\t\t\t\t<div class=\"elementor-element elementor-element-9329272 elementor-widget elementor-widget-image\" data-id=\"9329272\" data-element_type=\"widget\" data-e-type=\"widget\" data-widget_type=\"image.default\">\n\t\t\t\t\t\t\t\t\t\t\t\t\t\t\t<img fetchpriority=\"high\" decoding=\"async\" width=\"1020\" height=\"294\" src=\"https:\/\/ytengsport.com\/wp-content\/uploads\/2021\/02\/swimwear-manufacturer-dimension-1024x295.png\" class=\"attachment-large size-large wp-image-896\" alt=\"dimens\u00e3o do fabricante de fatos de banho\" srcset=\"https:\/\/ytengsport.com\/wp-content\/uploads\/2021\/02\/swimwear-manufacturer-dimension-1024x295.png 1024w, https:\/\/ytengsport.com\/wp-content\/uploads\/2021\/02\/swimwear-manufacturer-dimension-300x86.png 300w, https:\/\/ytengsport.com\/wp-content\/uploads\/2021\/02\/swimwear-manufacturer-dimension-768x221.png 768w, https:\/\/ytengsport.com\/wp-content\/uploads\/2021\/02\/swimwear-manufacturer-dimension-600x173.png 600w, https:\/\/ytengsport.com\/wp-content\/uploads\/2021\/02\/swimwear-manufacturer-dimension.png 1271w\" sizes=\"(max-width: 1020px) 100vw, 1020px\" \/>\t\t\t\t\t\t\t\t\t\t\t\t\t\t\t<\/div>\n\t\t\t\t<div class=\"elementor-element elementor-element-3683673 elementor-widget-divider--view-line elementor-widget elementor-widget-divider\" data-id=\"3683673\" data-element_type=\"widget\" data-e-type=\"widget\" data-widget_type=\"divider.default\">\n\t\t\t\t\t\t\t<div class=\"elementor-divider\">\n\t\t\t<span class=\"elementor-divider-separator\">\n\t\t\t\t\t\t<\/span>\n\t\t<\/div>\n\t\t\t\t\t\t<\/div>\n\t\t\t\t<div class=\"elementor-element elementor-element-c3d0bbf elementor-widget elementor-widget-heading\" data-id=\"c3d0bbf\" data-element_type=\"widget\" data-e-type=\"widget\" data-widget_type=\"heading.default\">\n\t\t\t\t\t<h2 class=\"elementor-heading-title elementor-size-default\">Produto relacionado<\/h2>\t\t\t\t<\/div>\n\t\t\t\t\t<\/div>\n\t\t<\/div>\n\t\t\t\t\t<\/div>\n\t\t<\/section>\n\t\t\t\t<section class=\"elementor-section elementor-top-section elementor-element elementor-element-1344c38 elementor-section-boxed elementor-section-height-default elementor-section-height-default\" data-id=\"1344c38\" data-element_type=\"section\" data-e-type=\"section\">\n\t\t\t\t\t\t<div class=\"elementor-container elementor-column-gap-default\">\n\t\t\t\t\t<div class=\"elementor-column elementor-col-25 elementor-top-column elementor-element elementor-element-cfa6c7e\" data-id=\"cfa6c7e\" data-element_type=\"column\" data-e-type=\"column\">\n\t\t\t<div class=\"elementor-widget-wrap elementor-element-populated\">\n\t\t\t\t\t\t<div class=\"elementor-element elementor-element-88d07f2 elementor-widget elementor-widget-image\" data-id=\"88d07f2\" data-element_type=\"widget\" data-e-type=\"widget\" data-widget_type=\"image.default\">\n\t\t\t\t\t\t\t\t\t\t\t\t\t\t\t<img alt=\"\" decoding=\"async\" width=\"1000\" height=\"1000\" src=\"https:\/\/ytengsport.com\/wp-content\/uploads\/2021\/02\/Printed-swimsuit-manufacturers.jpg\" class=\"attachment-large size-large wp-image-969\" srcset=\"https:\/\/ytengsport.com\/wp-content\/uploads\/2021\/02\/Printed-swimsuit-manufacturers.jpg 1000w, https:\/\/ytengsport.com\/wp-content\/uploads\/2021\/02\/Printed-swimsuit-manufacturers-300x300.jpg 300w, https:\/\/ytengsport.com\/wp-content\/uploads\/2021\/02\/Printed-swimsuit-manufacturers-150x150.jpg 150w, https:\/\/ytengsport.com\/wp-content\/uploads\/2021\/02\/Printed-swimsuit-manufacturers-768x768.jpg 768w, https:\/\/ytengsport.com\/wp-content\/uploads\/2021\/02\/Printed-swimsuit-manufacturers-600x600.jpg 600w, https:\/\/ytengsport.com\/wp-content\/uploads\/2021\/02\/Printed-swimsuit-manufacturers-100x100.jpg 100w\" sizes=\"(max-width: 1000px) 100vw, 1000px\" \/>\t\t\t\t\t\t\t\t\t\t\t\t\t\t\t<\/div>\n\t\t\t\t<div class=\"elementor-element elementor-element-8e5a2be elementor-widget elementor-widget-text-editor\" data-id=\"8e5a2be\" data-element_type=\"widget\" data-e-type=\"widget\" data-widget_type=\"text-editor.default\">\n\t\t\t\t\t\t\t\t\t<p>Fabricantes de fatos de banho estampados<\/p>\t\t\t\t\t\t\t\t<\/div>\n\t\t\t\t\t<\/div>\n\t\t<\/div>\n\t\t\t\t<div class=\"elementor-column elementor-col-25 elementor-top-column elementor-element elementor-element-d67f661\" data-id=\"d67f661\" data-element_type=\"column\" data-e-type=\"column\">\n\t\t\t<div class=\"elementor-widget-wrap elementor-element-populated\">\n\t\t\t\t\t\t<div class=\"elementor-element elementor-element-b5cd23c elementor-widget elementor-widget-image\" data-id=\"b5cd23c\" data-element_type=\"widget\" data-e-type=\"widget\" data-widget_type=\"image.default\">\n\t\t\t\t\t\t\t\t\t\t\t\t\t\t\t<img decoding=\"async\" width=\"1000\" height=\"1000\" src=\"https:\/\/ytengsport.com\/wp-content\/uploads\/2021\/02\/Printed-suspender-swimsuit-manufacturer-in-China.jpg\" class=\"attachment-large size-large wp-image-952\" alt=\"Fabricante de fatos de banho com suspens\u00f3rios estampados na China\" srcset=\"https:\/\/ytengsport.com\/wp-content\/uploads\/2021\/02\/Printed-suspender-swimsuit-manufacturer-in-China.jpg 1000w, https:\/\/ytengsport.com\/wp-content\/uploads\/2021\/02\/Printed-suspender-swimsuit-manufacturer-in-China-300x300.jpg 300w, https:\/\/ytengsport.com\/wp-content\/uploads\/2021\/02\/Printed-suspender-swimsuit-manufacturer-in-China-150x150.jpg 150w, https:\/\/ytengsport.com\/wp-content\/uploads\/2021\/02\/Printed-suspender-swimsuit-manufacturer-in-China-768x768.jpg 768w, https:\/\/ytengsport.com\/wp-content\/uploads\/2021\/02\/Printed-suspender-swimsuit-manufacturer-in-China-600x600.jpg 600w, https:\/\/ytengsport.com\/wp-content\/uploads\/2021\/02\/Printed-suspender-swimsuit-manufacturer-in-China-100x100.jpg 100w\" sizes=\"(max-width: 1000px) 100vw, 1000px\" \/>\t\t\t\t\t\t\t\t\t\t\t\t\t\t\t<\/div>\n\t\t\t\t<div class=\"elementor-element elementor-element-e43bacc elementor-widget elementor-widget-text-editor\" data-id=\"e43bacc\" data-element_type=\"widget\" data-e-type=\"widget\" data-widget_type=\"text-editor.default\">\n\t\t\t\t\t\t\t\t\t<p>Fabricante de fatos de banho com suspens\u00f3rios estampados na China<\/p>\t\t\t\t\t\t\t\t<\/div>\n\t\t\t\t\t<\/div>\n\t\t<\/div>\n\t\t\t\t<div class=\"elementor-column elementor-col-25 elementor-top-column elementor-element elementor-element-e9135f4\" data-id=\"e9135f4\" data-element_type=\"column\" data-e-type=\"column\">\n\t\t\t<div class=\"elementor-widget-wrap elementor-element-populated\">\n\t\t\t\t\t\t<div class=\"elementor-element elementor-element-5185c55 elementor-widget elementor-widget-image\" data-id=\"5185c55\" data-element_type=\"widget\" data-e-type=\"widget\" data-widget_type=\"image.default\">\n\t\t\t\t\t\t\t\t\t\t\t\t\t\t\t<img alt=\"\" loading=\"lazy\" decoding=\"async\" width=\"1000\" height=\"1000\" src=\"https:\/\/ytengsport.com\/wp-content\/uploads\/2021\/02\/New-one-piece-swimsuit-manufacturers.jpg\" class=\"attachment-large size-large wp-image-943\" srcset=\"https:\/\/ytengsport.com\/wp-content\/uploads\/2021\/02\/New-one-piece-swimsuit-manufacturers.jpg 1000w, https:\/\/ytengsport.com\/wp-content\/uploads\/2021\/02\/New-one-piece-swimsuit-manufacturers-300x300.jpg 300w, https:\/\/ytengsport.com\/wp-content\/uploads\/2021\/02\/New-one-piece-swimsuit-manufacturers-150x150.jpg 150w, https:\/\/ytengsport.com\/wp-content\/uploads\/2021\/02\/New-one-piece-swimsuit-manufacturers-768x768.jpg 768w, https:\/\/ytengsport.com\/wp-content\/uploads\/2021\/02\/New-one-piece-swimsuit-manufacturers-600x600.jpg 600w, https:\/\/ytengsport.com\/wp-content\/uploads\/2021\/02\/New-one-piece-swimsuit-manufacturers-100x100.jpg 100w\" sizes=\"(max-width: 1000px) 100vw, 1000px\" \/>\t\t\t\t\t\t\t\t\t\t\t\t\t\t\t<\/div>\n\t\t\t\t<div class=\"elementor-element elementor-element-06d2957 elementor-widget elementor-widget-text-editor\" data-id=\"06d2957\" data-element_type=\"widget\" data-e-type=\"widget\" data-widget_type=\"text-editor.default\">\n\t\t\t\t\t\t\t\t\t<p>Novos fabricantes de fatos de banho de uma pe\u00e7a<\/p>\t\t\t\t\t\t\t\t<\/div>\n\t\t\t\t\t<\/div>\n\t\t<\/div>\n\t\t\t\t<div class=\"elementor-column elementor-col-25 elementor-top-column elementor-element elementor-element-f1b6cbc\" data-id=\"f1b6cbc\" data-element_type=\"column\" data-e-type=\"column\">\n\t\t\t<div class=\"elementor-widget-wrap elementor-element-populated\">\n\t\t\t\t\t\t<div class=\"elementor-element elementor-element-a558acd elementor-widget elementor-widget-image\" data-id=\"a558acd\" data-element_type=\"widget\" data-e-type=\"widget\" data-widget_type=\"image.default\">\n\t\t\t\t\t\t\t\t\t\t\t\t\t\t\t<img loading=\"lazy\" decoding=\"async\" width=\"1000\" height=\"1000\" src=\"https:\/\/ytengsport.com\/wp-content\/uploads\/2021\/02\/Womens-large-one-piece-swimsuit-manufacturers-China.jpg\" class=\"attachment-large size-large wp-image-924\" alt=\"Fato de banho grande de uma pe\u00e7a para mulher fabricantes China\" srcset=\"https:\/\/ytengsport.com\/wp-content\/uploads\/2021\/02\/Womens-large-one-piece-swimsuit-manufacturers-China.jpg 1000w, https:\/\/ytengsport.com\/wp-content\/uploads\/2021\/02\/Womens-large-one-piece-swimsuit-manufacturers-China-300x300.jpg 300w, https:\/\/ytengsport.com\/wp-content\/uploads\/2021\/02\/Womens-large-one-piece-swimsuit-manufacturers-China-150x150.jpg 150w, https:\/\/ytengsport.com\/wp-content\/uploads\/2021\/02\/Womens-large-one-piece-swimsuit-manufacturers-China-768x768.jpg 768w, https:\/\/ytengsport.com\/wp-content\/uploads\/2021\/02\/Womens-large-one-piece-swimsuit-manufacturers-China-600x600.jpg 600w, https:\/\/ytengsport.com\/wp-content\/uploads\/2021\/02\/Womens-large-one-piece-swimsuit-manufacturers-China-100x100.jpg 100w\" sizes=\"(max-width: 1000px) 100vw, 1000px\" \/>\t\t\t\t\t\t\t\t\t\t\t\t\t\t\t<\/div>\n\t\t\t\t<div class=\"elementor-element elementor-element-6ac8531 elementor-widget elementor-widget-text-editor\" data-id=\"6ac8531\" data-element_type=\"widget\" data-e-type=\"widget\" data-widget_type=\"text-editor.default\">\n\t\t\t\t\t\t\t\t\t<p>Fabricantes de fatos de banho inteiros grandes para mulher na China<\/p>\t\t\t\t\t\t\t\t<\/div>\n\t\t\t\t\t<\/div>\n\t\t<\/div>\n\t\t\t\t\t<\/div>\n\t\t<\/section>\n\t\t\t\t<\/div>","protected":false},"excerpt":{"rendered":"<p>Sexy bikini in Europe and America Manufacturer 1.Breathable and easy to dry2.Full of elasticity3.Soft and comfortable4.Cool and breathable5.Sew line notarization\u00a0 \u00a0 \u00a0 \u00a0 \u00a0 \u00a0 \u00a0 \u00a0 \u00a0 \u00a0 \u00a0 \u00a0 \u00a0 \u00a0 \u00a0 \u00a0 \u00a0 \u00a0 \u00a0 \u00a0 \u00a0 \u00a0 \u00a0 \u00a0 \u00a0 \u00a0 \u00a0 \u00a0 \u00a0 \u00a0 \u00a0 \u00a0 \u00a0 \u00a0 \u00a0 \u00a0 [&hellip;]","protected":false},"author":1,"featured_media":0,"parent":0,"menu_order":0,"comment_status":"closed","ping_status":"closed","template":"","meta":{"_seopress_robots_primary_cat":"","_seopress_titles_title":"","_seopress_titles_desc":"","_seopress_robots_index":"","footnotes":""},"class_list":["post-1196","page","type-page","status-publish","hentry"],"_links":{"self":[{"href":"https:\/\/ytengsport.com\/pt\/wp-json\/wp\/v2\/pages\/1196","targetHints":{"allow":["GET"]}}],"collection":[{"href":"https:\/\/ytengsport.com\/pt\/wp-json\/wp\/v2\/pages"}],"about":[{"href":"https:\/\/ytengsport.com\/pt\/wp-json\/wp\/v2\/types\/page"}],"author":[{"embeddable":true,"href":"https:\/\/ytengsport.com\/pt\/wp-json\/wp\/v2\/users\/1"}],"replies":[{"embeddable":true,"href":"https:\/\/ytengsport.com\/pt\/wp-json\/wp\/v2\/comments?post=1196"}],"version-history":[{"count":8,"href":"https:\/\/ytengsport.com\/pt\/wp-json\/wp\/v2\/pages\/1196\/revisions"}],"predecessor-version":[{"id":3227,"href":"https:\/\/ytengsport.com\/pt\/wp-json\/wp\/v2\/pages\/1196\/revisions\/3227"}],"wp:attachment":[{"href":"https:\/\/ytengsport.com\/pt\/wp-json\/wp\/v2\/media?parent=1196"}],"curies":[{"name":"wp","href":"https:\/\/api.w.org\/{rel}","templated":true}]}}